{"id":2855,"date":"2023-12-04T13:09:38","date_gmt":"2023-12-04T13:09:38","guid":{"rendered":"http:\/\/jellyshoeve.nl\/?page_id=2855"},"modified":"2025-09-14T08:21:40","modified_gmt":"2025-09-14T08:21:40","slug":"pfingsten","status":"publish","type":"page","link":"https:\/\/jellyshoeve.nl\/de\/pfingsten\/","title":{"rendered":"Pfingsten"},"content":{"rendered":"<style type=\"text\/css\">\n    .header-heights {\n        height: 45vh;\n    }\n    .header-heights.home {\n        height: 65vh;\n    }\n    @media (max-width: 767px) {\n        .header-heights {\n            height: ;\n        }\n        .header-heights.home {\n            height: ;\n        }\n    }\n<\/style><section class=\"header-img\">\n        <div class=\"img-inner header-heights\" style=\"background-image: url(https:\/\/jellyshoeve.nl\/wp-content\/uploads\/2023\/10\/header-1600x610.jpg);\"><div class=\"header_txt\">\n                <h3>Camping und Unterkunft f\u00fcr<\/h3>\n                <h2>Erwachsene!<\/h2><\/div><\/div><\/section>\n\n\n<div class=\"wp-block-columns is-layout-flex wp-container-core-columns-is-layout-9d6595d7 wp-block-columns-is-layout-flex\">\n<div class=\"wp-block-column is-layout-flow wp-block-column-is-layout-flow\" style=\"flex-basis:66.66%\">\n<h1 class=\"wp-block-heading\">Zelten zu Pfingsten<\/h1>\n\n\n\n<p>Kommen Sie zu Pfingsten zum Campen auf Camping Jelly&#8217;s Hoeve und profitieren Sie von unserem attraktiven Pfingstpaket. Entspannen Sie sich f\u00fcr eine Weile; Sie k\u00f6nnen direkt vom Campingplatz aus zu Fu\u00df\/mit dem Fahrrad in die Natur gehen! Sie m\u00fcssen nicht ins Auto steigen, wenn Sie einkaufen gehen oder ein Caf\u00e9 oder Restaurant besuchen m\u00f6chten. Restaurants und Gesch\u00e4fte, darunter auch der Supermarkt, sind zu Fu\u00df\/mit dem Fahrrad erreichbar.<\/p>\n\n\n\n<p>Um Pfingsten herum finden in verschiedenen D\u00f6rfern Pfingstm\u00e4rkte statt. Genie\u00dfen Sie den Spaziergang zwischen verschiedenen St\u00e4nden mit Kuriosit\u00e4ten und Keramik und einer hei\u00dfen Tasse Kaffee und etwas Leckerem an einem anderen Stand.<\/p>\n\n\n\n<p>Morgens k\u00f6nnen Sie Ihre frisch gebackenen Br\u00f6tchen an der Rezeption abholen und so einen sch\u00f6nen, entspannten Morgen genie\u00dfen.<\/p>\n\n\n\n<h3 class=\"wp-block-heading\">Arrangement-Inhalte<\/h3>\n\n\n\n<p>5 N\u00e4chte rund um den 24. Mai (Pfingsten)<\/p>\n\n\n\n<h3 class=\"wp-block-heading\">Inklusive<\/h3>\n\n\n\n<ul class=\"wp-block-list\">\n<li>Stellplatz<\/li>\n\n\n\n<li>2 Personen<\/li>\n\n\n\n<li>1 Campingausr\u00fcstung und 1 Auto<\/li>\n\n\n\n<li>unbegrenztes WLAN<\/li>\n\n\n\n<li>Warmwasser\/Dusche<\/li>\n\n\n\n<li>Abwasseranschluss auf dem Campingplatz<\/li>\n<\/ul>\n\n\n\n<h3 class=\"wp-block-heading\">Preis \u20ac 123,-<\/h3>\n\n\n\n<h3 class=\"wp-block-heading\">Zus\u00e4tzliche Kosten<\/h3>\n\n\n\n<ul class=\"wp-block-list\">\n<li>Kurtaxe<\/li>\n\n\n\n<li>Umweltsteuer<\/li>\n\n\n\n<li>Energieverbrauch\/Netzanschluss 10 oder 16 Amp\u00e8re<\/li>\n<\/ul>\n<\/div>\n\n\n\n<div class=\"wp-block-column is-layout-flow wp-block-column-is-layout-flow\" style=\"flex-basis:33.33%\">\n<div class=\"wp-block-columns is-style-gradientgroen is-layout-flex wp-container-core-columns-is-layout-9d6595d7 wp-block-columns-is-layout-flex\">\n<div class=\"wp-block-column is-layout-flow wp-block-column-is-layout-flow\">\n<h2 class=\"wp-block-heading\">Darum Jelly\u2019s Hoeve<\/h2>\n\n\n\n<ul class=\"wp-block-list\">\n<li>Zwischen 3 Nationalparks<\/li>\n\n\n\n<li>Charaktervoll und gr\u00fcn<\/li>\n\n\n\n<li>Auf Gehweite von Havelte&nbsp;<\/li>\n\n\n\n<li>Nur f\u00fcr Erwachsene<\/li>\n<\/ul>\n<\/div>\n<\/div>\n<\/div>\n<\/div>\n","protected":false},"excerpt":{"rendered":"<p>Zelten zu Pfingsten Kommen Sie zu Pfingsten zum Campen auf Camping Jelly&#8217;s Hoeve und profitieren Sie von unserem attraktiven Pfingstpaket. Entspannen Sie sich f\u00fcr eine Weile; Sie k\u00f6nnen direkt vom Campingplatz aus zu Fu\u00df\/mit dem Fahrrad in die Natur gehen! Sie m\u00fcssen nicht ins Auto steigen, wenn Sie einkaufen gehen oder ein Caf\u00e9 oder Restaurant [&hellip;]<\/p>\n","protected":false},"author":1,"featured_media":0,"parent":0,"menu_order":0,"comment_status":"closed","ping_status":"closed","template":"","meta":{"footnotes":""},"class_list":["post-2855","page","type-page","status-publish","hentry"],"acf":[],"yoast_head":"<!-- This site is optimized with the Yoast SEO plugin v27.4 - https:\/\/yoast.com\/product\/yoast-seo-wordpress\/ -->\n<title>Pfingsten | Jelly&#039;s Hoeve<\/title>\n<meta name=\"robots\" content=\"index, follow, max-snippet:-1, max-image-preview:large, max-video-preview:-1\" \/>\n<link rel=\"canonical\" href=\"https:\/\/jellyshoeve.nl\/de\/pfingsten\/\" \/>\n<meta property=\"og:locale\" content=\"de_DE\" \/>\n<meta property=\"og:type\" content=\"article\" \/>\n<meta property=\"og:title\" content=\"Pfingsten | Jelly&#039;s Hoeve\" \/>\n<meta property=\"og:description\" content=\"Zelten zu Pfingsten Kommen Sie zu Pfingsten zum Campen auf Camping Jelly&#8217;s Hoeve und profitieren Sie von unserem attraktiven Pfingstpaket. Entspannen Sie sich f\u00fcr eine Weile; Sie k\u00f6nnen direkt vom Campingplatz aus zu Fu\u00df\/mit dem Fahrrad in die Natur gehen! Sie m\u00fcssen nicht ins Auto steigen, wenn Sie einkaufen gehen oder ein Caf\u00e9 oder Restaurant [&hellip;]\" \/>\n<meta property=\"og:url\" content=\"https:\/\/jellyshoeve.nl\/de\/pfingsten\/\" \/>\n<meta property=\"og:site_name\" content=\"Jelly&#039;s Hoeve\" \/>\n<meta property=\"article:publisher\" content=\"https:\/\/www.facebook.com\/jellyshoeve\/\" \/>\n<meta property=\"article:modified_time\" content=\"2025-09-14T08:21:40+00:00\" \/>\n<meta property=\"og:image\" content=\"https:\/\/jellyshoeve.nl\/wp-content\/uploads\/2023\/10\/header.jpg\" \/>\n\t<meta property=\"og:image:width\" content=\"2000\" \/>\n\t<meta property=\"og:image:height\" content=\"763\" \/>\n\t<meta property=\"og:image:type\" content=\"image\/jpeg\" \/>\n<meta name=\"twitter:card\" content=\"summary_large_image\" \/>\n<meta name=\"twitter:label1\" content=\"Gesch\u00e4tzte Lesezeit\" \/>\n\t<meta name=\"twitter:data1\" content=\"1\u00a0Minute\" \/>\n<script type=\"application\/ld+json\" class=\"yoast-schema-graph\">{\"@context\":\"https:\\\/\\\/schema.org\",\"@graph\":[{\"@type\":\"WebPage\",\"@id\":\"https:\\\/\\\/jellyshoeve.nl\\\/de\\\/pfingsten\\\/\",\"url\":\"https:\\\/\\\/jellyshoeve.nl\\\/de\\\/pfingsten\\\/\",\"name\":\"Pfingsten | Jelly's Hoeve\",\"isPartOf\":{\"@id\":\"https:\\\/\\\/jellyshoeve.nl\\\/#website\"},\"datePublished\":\"2023-12-04T13:09:38+00:00\",\"dateModified\":\"2025-09-14T08:21:40+00:00\",\"breadcrumb\":{\"@id\":\"https:\\\/\\\/jellyshoeve.nl\\\/de\\\/pfingsten\\\/#breadcrumb\"},\"inLanguage\":\"de\",\"potentialAction\":[{\"@type\":\"ReadAction\",\"target\":[\"https:\\\/\\\/jellyshoeve.nl\\\/de\\\/pfingsten\\\/\"]}]},{\"@type\":\"BreadcrumbList\",\"@id\":\"https:\\\/\\\/jellyshoeve.nl\\\/de\\\/pfingsten\\\/#breadcrumb\",\"itemListElement\":[{\"@type\":\"ListItem\",\"position\":1,\"name\":\"Home\",\"item\":\"https:\\\/\\\/jellyshoeve.nl\\\/de\\\/\"},{\"@type\":\"ListItem\",\"position\":2,\"name\":\"Pfingsten\"}]},{\"@type\":\"WebSite\",\"@id\":\"https:\\\/\\\/jellyshoeve.nl\\\/#website\",\"url\":\"https:\\\/\\\/jellyshoeve.nl\\\/\",\"name\":\"Camping Jelly's Hoeve\",\"description\":\"camping &amp; logementen voor volwassenen\",\"publisher\":{\"@id\":\"https:\\\/\\\/jellyshoeve.nl\\\/#organization\"},\"potentialAction\":[{\"@type\":\"SearchAction\",\"target\":{\"@type\":\"EntryPoint\",\"urlTemplate\":\"https:\\\/\\\/jellyshoeve.nl\\\/?s={search_term_string}\"},\"query-input\":{\"@type\":\"PropertyValueSpecification\",\"valueRequired\":true,\"valueName\":\"search_term_string\"}}],\"inLanguage\":\"de\"},{\"@type\":\"Organization\",\"@id\":\"https:\\\/\\\/jellyshoeve.nl\\\/#organization\",\"name\":\"Camping Jelly's Hoeve\",\"url\":\"https:\\\/\\\/jellyshoeve.nl\\\/\",\"logo\":{\"@type\":\"ImageObject\",\"inLanguage\":\"de\",\"@id\":\"https:\\\/\\\/jellyshoeve.nl\\\/#\\\/schema\\\/logo\\\/image\\\/\",\"url\":\"https:\\\/\\\/jellyshoeve.nl\\\/wp-content\\\/uploads\\\/2023\\\/11\\\/logo.jpg\",\"contentUrl\":\"https:\\\/\\\/jellyshoeve.nl\\\/wp-content\\\/uploads\\\/2023\\\/11\\\/logo.jpg\",\"width\":147,\"height\":104,\"caption\":\"Camping Jelly's Hoeve\"},\"image\":{\"@id\":\"https:\\\/\\\/jellyshoeve.nl\\\/#\\\/schema\\\/logo\\\/image\\\/\"},\"sameAs\":[\"https:\\\/\\\/www.facebook.com\\\/jellyshoeve\\\/\"]}]}<\/script>\n<!-- \/ Yoast SEO plugin. -->","yoast_head_json":{"title":"Pfingsten | Jelly's Hoeve","robots":{"index":"index","follow":"follow","max-snippet":"max-snippet:-1","max-image-preview":"max-image-preview:large","max-video-preview":"max-video-preview:-1"},"canonical":"https:\/\/jellyshoeve.nl\/de\/pfingsten\/","og_locale":"de_DE","og_type":"article","og_title":"Pfingsten | Jelly's Hoeve","og_description":"Zelten zu Pfingsten Kommen Sie zu Pfingsten zum Campen auf Camping Jelly&#8217;s Hoeve und profitieren Sie von unserem attraktiven Pfingstpaket. Entspannen Sie sich f\u00fcr eine Weile; Sie k\u00f6nnen direkt vom Campingplatz aus zu Fu\u00df\/mit dem Fahrrad in die Natur gehen! Sie m\u00fcssen nicht ins Auto steigen, wenn Sie einkaufen gehen oder ein Caf\u00e9 oder Restaurant [&hellip;]","og_url":"https:\/\/jellyshoeve.nl\/de\/pfingsten\/","og_site_name":"Jelly&#039;s Hoeve","article_publisher":"https:\/\/www.facebook.com\/jellyshoeve\/","article_modified_time":"2025-09-14T08:21:40+00:00","og_image":[{"width":2000,"height":763,"url":"https:\/\/jellyshoeve.nl\/wp-content\/uploads\/2023\/10\/header.jpg","type":"image\/jpeg"}],"twitter_card":"summary_large_image","twitter_misc":{"Gesch\u00e4tzte Lesezeit":"1\u00a0Minute"},"schema":{"@context":"https:\/\/schema.org","@graph":[{"@type":"WebPage","@id":"https:\/\/jellyshoeve.nl\/de\/pfingsten\/","url":"https:\/\/jellyshoeve.nl\/de\/pfingsten\/","name":"Pfingsten | Jelly's Hoeve","isPartOf":{"@id":"https:\/\/jellyshoeve.nl\/#website"},"datePublished":"2023-12-04T13:09:38+00:00","dateModified":"2025-09-14T08:21:40+00:00","breadcrumb":{"@id":"https:\/\/jellyshoeve.nl\/de\/pfingsten\/#breadcrumb"},"inLanguage":"de","potentialAction":[{"@type":"ReadAction","target":["https:\/\/jellyshoeve.nl\/de\/pfingsten\/"]}]},{"@type":"BreadcrumbList","@id":"https:\/\/jellyshoeve.nl\/de\/pfingsten\/#breadcrumb","itemListElement":[{"@type":"ListItem","position":1,"name":"Home","item":"https:\/\/jellyshoeve.nl\/de\/"},{"@type":"ListItem","position":2,"name":"Pfingsten"}]},{"@type":"WebSite","@id":"https:\/\/jellyshoeve.nl\/#website","url":"https:\/\/jellyshoeve.nl\/","name":"Camping Jelly's Hoeve","description":"camping &amp; logementen voor volwassenen","publisher":{"@id":"https:\/\/jellyshoeve.nl\/#organization"},"potentialAction":[{"@type":"SearchAction","target":{"@type":"EntryPoint","urlTemplate":"https:\/\/jellyshoeve.nl\/?s={search_term_string}"},"query-input":{"@type":"PropertyValueSpecification","valueRequired":true,"valueName":"search_term_string"}}],"inLanguage":"de"},{"@type":"Organization","@id":"https:\/\/jellyshoeve.nl\/#organization","name":"Camping Jelly's Hoeve","url":"https:\/\/jellyshoeve.nl\/","logo":{"@type":"ImageObject","inLanguage":"de","@id":"https:\/\/jellyshoeve.nl\/#\/schema\/logo\/image\/","url":"https:\/\/jellyshoeve.nl\/wp-content\/uploads\/2023\/11\/logo.jpg","contentUrl":"https:\/\/jellyshoeve.nl\/wp-content\/uploads\/2023\/11\/logo.jpg","width":147,"height":104,"caption":"Camping Jelly's Hoeve"},"image":{"@id":"https:\/\/jellyshoeve.nl\/#\/schema\/logo\/image\/"},"sameAs":["https:\/\/www.facebook.com\/jellyshoeve\/"]}]}},"_links":{"self":[{"href":"https:\/\/jellyshoeve.nl\/de\/wp-json\/wp\/v2\/pages\/2855","targetHints":{"allow":["GET"]}}],"collection":[{"href":"https:\/\/jellyshoeve.nl\/de\/wp-json\/wp\/v2\/pages"}],"about":[{"href":"https:\/\/jellyshoeve.nl\/de\/wp-json\/wp\/v2\/types\/page"}],"author":[{"embeddable":true,"href":"https:\/\/jellyshoeve.nl\/de\/wp-json\/wp\/v2\/users\/1"}],"replies":[{"embeddable":true,"href":"https:\/\/jellyshoeve.nl\/de\/wp-json\/wp\/v2\/comments?post=2855"}],"version-history":[{"count":9,"href":"https:\/\/jellyshoeve.nl\/de\/wp-json\/wp\/v2\/pages\/2855\/revisions"}],"predecessor-version":[{"id":3283,"href":"https:\/\/jellyshoeve.nl\/de\/wp-json\/wp\/v2\/pages\/2855\/revisions\/3283"}],"wp:attachment":[{"href":"https:\/\/jellyshoeve.nl\/de\/wp-json\/wp\/v2\/media?parent=2855"}],"curies":[{"name":"wp","href":"https:\/\/api.w.org\/{rel}","templated":true}]}}