{"id":2776,"date":"2023-11-03T10:17:40","date_gmt":"2023-11-03T10:17:40","guid":{"rendered":"http:\/\/jellyshoeve.nl\/?page_id=2776"},"modified":"2023-12-12T07:52:46","modified_gmt":"2023-12-12T07:52:46","slug":"die-umgebung","status":"publish","type":"page","link":"https:\/\/jellyshoeve.nl\/de\/die-umgebung\/","title":{"rendered":"Umgebung"},"content":{"rendered":"<style type=\"text\/css\">\n    .header-heights {\n        height: 45vh;\n    }\n    .header-heights.home {\n        height: 65vh;\n    }\n    @media (max-width: 767px) {\n        .header-heights {\n            height: ;\n        }\n        .header-heights.home {\n            height: ;\n        }\n    }\n<\/style><section class=\"header-img\">\n        <div class=\"img-inner header-heights\" style=\"background-image: url(https:\/\/jellyshoeve.nl\/wp-content\/uploads\/2023\/11\/kampeerplaats_drenthe_jellyshoeve11-1600x1187.jpg);\"><\/div><\/section>\n\n\n<h1 class=\"wp-block-heading\">Entspannen Sie sich in der Natur unserer Nationalparks<\/h1>\n\n\n\n<p>In der Umgebung von Havelte gibt es&nbsp;sage und schreibe 3 Nationalparks! Dies sind die Nationalparks \u201aDwingelderveld\u2018,&nbsp;&nbsp;\u201aWeerribben\u2018 und der Nationalpark \u201aDrents-Friese Wold\u2018. Jeder einzelne bietet&nbsp;eine gro\u00dfe Vielfalt an landschaftlicher Sch\u00f6nheit. Hier k\u00f6nnen&nbsp;Sie auf gut ausgeschilderten Wegen stundenlang Wandern und Radfahren. Von Campingplatz Jelly&#8217;s Hoeve aus sind die Nationalparks mit dem Fahrrad erreichbar.&nbsp;Wir beraten Sie an der Rezeption gerne mit Tipps und Informationen \u00fcber Rad- und Wanderwege.<\/p>\n\n\n<span id=\"more-2776\"><\/span>\n\n\n<h3 class=\"wp-block-heading\">Besuchen Sie ein Museum in Drenthe<\/h3>\n\n\n\n<p>Drenthe bietet nicht nur eine sch\u00f6ne Landschaft, sondern auch Kultur und historische Sehensw\u00fcrdigkeiten. In der direkten Umgebung von Havelte k\u00f6nnen Sie verschiedene Museen besuchen. Wir haben f\u00fcr Sie eine kleine Auswahl getroffen. Lesen Sie\u00a0<a href=\"http:\/\/jellyshoeve.nl\/de\/umgebung\/museen\/\">hier<\/a>\u00a0mehr \u00fcber die verschiedenen Museen in der Umgebung.<\/p>\n\n\n\n<h3 class=\"wp-block-heading\">Sehenswertes in Drenthe<\/h3>\n\n\n\n<p>F\u00fcr einen interessanten Tagesausflug gibt es zahlreiche M\u00f6glichkeiten in der Provinz Drenthe. Zum Beispiel den Zoo in Emmen oder erfahren Sie die Geschichte der Armenkolonie in Frederiksoord. Auch hier haben wir eine kleine Auswahl f\u00fcr Sie getroffen. Lesen Sie mehr \u00fcber die verschiedenen&nbsp;<a href=\"http:\/\/jellyshoeve.nl\/de\/omgeving\/sehenswuerdigkeiten\/\">Sehensw\u00fcrdigkeiten<\/a>&nbsp;in der Provinz Drenthe.<\/p>\n\n\n\n<h3 class=\"wp-block-heading\">Gastronomie in Havelte<\/h3>\n\n\n\n<p>Das gem\u00fctliche Dorf Havelte verf\u00fcgt \u00fcber eine sehr gute Auswahl an Restaurants, die fu\u00dfl\u00e4ufig vom Campingplatz aus erreichbar sind. Bei den chinesischen oder italienischen Restaurants k\u00f6nnen Sie nat\u00fcrlich auch Ihr Lieblingsgericht zum Mitnehmen bekommen um es in aller Ruhe auf Ihrem Stellplatz oder in Ihrer Ferienwohnung zu verzehren.<\/p>\n\n\n<span class=\"more-end\"><\/span>\n\n\n<!-- Apply the height values and possibly the background image to the block -->\n<style type=\"text\/css\">\n    .tz-spacer {\n\n        background-image: url('https:\/\/jellyshoeve.nl\/wp-content\/themes\/tz-template\/img\/scheidingslijn.png');    }\n\n<\/style>\n\n<!-- The HTML structure of your spacer block -->\n<div class=\"tz-spacer\"><\/div>\n\n\n<main id=\"main\">\n    <div class=\"container\">\n        <div class=\"overzicht-archive row\">\n                                <a href=\"https:\/\/jellyshoeve.nl\/de\/umgebung\/gastronomie\/\" class=\"overzicht-page\">\n                        <img loading=\"lazy\" decoding=\"async\" width=\"600\" height=\"398\" src=\"https:\/\/jellyshoeve.nl\/wp-content\/uploads\/2023\/11\/eropuit_drenthe_jellyshoeve17-600x398.jpg\" class=\"attachment-medium size-medium wp-post-image\" alt=\"\" srcset=\"https:\/\/jellyshoeve.nl\/wp-content\/uploads\/2023\/11\/eropuit_drenthe_jellyshoeve17-600x398.jpg 600w, https:\/\/jellyshoeve.nl\/wp-content\/uploads\/2023\/11\/eropuit_drenthe_jellyshoeve17-1600x1062.jpg 1600w, https:\/\/jellyshoeve.nl\/wp-content\/uploads\/2023\/11\/eropuit_drenthe_jellyshoeve17-768x510.jpg 768w, https:\/\/jellyshoeve.nl\/wp-content\/uploads\/2023\/11\/eropuit_drenthe_jellyshoeve17-1536x1020.jpg 1536w, https:\/\/jellyshoeve.nl\/wp-content\/uploads\/2023\/11\/eropuit_drenthe_jellyshoeve17-2048x1360.jpg 2048w\" sizes=\"auto, (max-width: 600px) 100vw, 600px\" \/><div class=\"overview-text\"><h3>Gastronomie<\/h3><span class=\"btn read-more\">mehr lesen<\/span><\/div>                    <\/a>\n                                    <a href=\"https:\/\/jellyshoeve.nl\/de\/umgebung\/museen\/\" class=\"overzicht-page\">\n                        <img loading=\"lazy\" decoding=\"async\" width=\"600\" height=\"363\" src=\"https:\/\/jellyshoeve.nl\/wp-content\/uploads\/2023\/11\/eropuit_drenthe_jellyshoeve8-600x363.jpg\" class=\"attachment-medium size-medium wp-post-image\" alt=\"\" srcset=\"https:\/\/jellyshoeve.nl\/wp-content\/uploads\/2023\/11\/eropuit_drenthe_jellyshoeve8-600x363.jpg 600w, https:\/\/jellyshoeve.nl\/wp-content\/uploads\/2023\/11\/eropuit_drenthe_jellyshoeve8-1600x967.jpg 1600w, https:\/\/jellyshoeve.nl\/wp-content\/uploads\/2023\/11\/eropuit_drenthe_jellyshoeve8-768x464.jpg 768w, https:\/\/jellyshoeve.nl\/wp-content\/uploads\/2023\/11\/eropuit_drenthe_jellyshoeve8-1536x928.jpg 1536w, https:\/\/jellyshoeve.nl\/wp-content\/uploads\/2023\/11\/eropuit_drenthe_jellyshoeve8-2048x1238.jpg 2048w\" sizes=\"auto, (max-width: 600px) 100vw, 600px\" \/><div class=\"overview-text\"><h3>Museen<\/h3><span class=\"btn read-more\">mehr lesen<\/span><\/div>                    <\/a>\n                                    <a href=\"https:\/\/jellyshoeve.nl\/de\/umgebung\/sehenswuerdigkeiten\/\" class=\"overzicht-page\">\n                        <img loading=\"lazy\" decoding=\"async\" width=\"600\" height=\"450\" src=\"https:\/\/jellyshoeve.nl\/wp-content\/uploads\/2023\/11\/eropuit_drenthe_jellyshoeve2-600x450.jpg\" class=\"attachment-medium size-medium wp-post-image\" alt=\"\" srcset=\"https:\/\/jellyshoeve.nl\/wp-content\/uploads\/2023\/11\/eropuit_drenthe_jellyshoeve2-600x450.jpg 600w, https:\/\/jellyshoeve.nl\/wp-content\/uploads\/2023\/11\/eropuit_drenthe_jellyshoeve2-1600x1200.jpg 1600w, https:\/\/jellyshoeve.nl\/wp-content\/uploads\/2023\/11\/eropuit_drenthe_jellyshoeve2-768x576.jpg 768w, https:\/\/jellyshoeve.nl\/wp-content\/uploads\/2023\/11\/eropuit_drenthe_jellyshoeve2-1536x1152.jpg 1536w, https:\/\/jellyshoeve.nl\/wp-content\/uploads\/2023\/11\/eropuit_drenthe_jellyshoeve2-2048x1536.jpg 2048w\" sizes=\"auto, (max-width: 600px) 100vw, 600px\" \/><div class=\"overview-text\"><h3>Sehensw\u00fcrdigkeiten<\/h3><span class=\"btn read-more\">mehr lesen<\/span><\/div>                    <\/a>\n                                    <a href=\"https:\/\/jellyshoeve.nl\/de\/umgebung\/radfahren-und-wandern\/\" class=\"overzicht-page\">\n                        <img loading=\"lazy\" decoding=\"async\" width=\"600\" height=\"400\" src=\"https:\/\/jellyshoeve.nl\/wp-content\/uploads\/2023\/11\/eropuit_drenthe_jellyshoeve16-600x400.jpg\" class=\"attachment-medium size-medium wp-post-image\" alt=\"\" srcset=\"https:\/\/jellyshoeve.nl\/wp-content\/uploads\/2023\/11\/eropuit_drenthe_jellyshoeve16-600x400.jpg 600w, https:\/\/jellyshoeve.nl\/wp-content\/uploads\/2023\/11\/eropuit_drenthe_jellyshoeve16-1600x1067.jpg 1600w, https:\/\/jellyshoeve.nl\/wp-content\/uploads\/2023\/11\/eropuit_drenthe_jellyshoeve16-768x512.jpg 768w, https:\/\/jellyshoeve.nl\/wp-content\/uploads\/2023\/11\/eropuit_drenthe_jellyshoeve16-1536x1024.jpg 1536w, https:\/\/jellyshoeve.nl\/wp-content\/uploads\/2023\/11\/eropuit_drenthe_jellyshoeve16-2048x1366.jpg 2048w\" sizes=\"auto, (max-width: 600px) 100vw, 600px\" \/><div class=\"overview-text\"><h3>Radfahren und Wandern<\/h3><span class=\"btn read-more\">mehr lesen<\/span><\/div>                    <\/a>\n                                    <a href=\"https:\/\/jellyshoeve.nl\/de\/umgebung\/terminkalender\/\" class=\"overzicht-page\">\n                        <img loading=\"lazy\" decoding=\"async\" width=\"600\" height=\"337\" src=\"https:\/\/jellyshoeve.nl\/wp-content\/uploads\/2023\/11\/eropuit_drenthe_jellyshoeve4-600x337.jpg\" class=\"attachment-medium size-medium wp-post-image\" alt=\"\" srcset=\"https:\/\/jellyshoeve.nl\/wp-content\/uploads\/2023\/11\/eropuit_drenthe_jellyshoeve4-600x337.jpg 600w, https:\/\/jellyshoeve.nl\/wp-content\/uploads\/2023\/11\/eropuit_drenthe_jellyshoeve4-1600x900.jpg 1600w, https:\/\/jellyshoeve.nl\/wp-content\/uploads\/2023\/11\/eropuit_drenthe_jellyshoeve4-768x432.jpg 768w, https:\/\/jellyshoeve.nl\/wp-content\/uploads\/2023\/11\/eropuit_drenthe_jellyshoeve4-1536x864.jpg 1536w, https:\/\/jellyshoeve.nl\/wp-content\/uploads\/2023\/11\/eropuit_drenthe_jellyshoeve4-2048x1152.jpg 2048w\" sizes=\"auto, (max-width: 600px) 100vw, 600px\" \/><div class=\"overview-text\"><h3>Terminkalender<\/h3><span class=\"btn read-more\">mehr lesen<\/span><\/div>                    <\/a>\n                        <\/div>\n    <\/div>\n<\/main>\n\n\n<!-- Subfooter Section -->\n<section class=\"subfooter subfooter-full-width\">\n    <div class=\"container\">\n        <div class=\"row\">\n                        <div class=\"webapp-group col-blocks-3\">\n                <h2>Sehen Sie sich die App an<\/h2>\n                <p>Alle Informationen zum Campingplatz, zur Ausstattung und Ausflugstipps finden Sie in unserer WebApp.<\/p>\n                <a target=\"_blank\" href=\"https:\/\/info.jellyshoeve.nl\/de\/\" class=\"btn\">\u00d6ffnen Sie die App<\/a>\n            <\/div>\n\n            <!-- Newsletter Group -->\n                        <div class=\"newsletter-group col-blocks-3\">\n                <h2><\/h2>\n                <p><\/p>\n                <div class=\"newsletter-signup\">\n                                    <\/div>\n            <\/div>\n\n            <!-- Tour Group -->\n                        <div class=\"tour-group col-blocks-3\">\n                <h2>Vogelperspektive<\/h2>\n                <p>Sehen Sie sich unser Video an und entdecken Sie Camping Jelly&#039;s Hoeve in einer Minute.<\/p>\n                <a href=\"https:\/\/jellyshoeve.nl\/de\/videoeindruck\/\" class=\"btn\">schau das Video<\/a>\n            <\/div>\n\n        <\/div>\n    <\/div>\n<\/section>\n","protected":false},"excerpt":{"rendered":"<p>Entspannen Sie sich in der Natur unserer Nationalparks In der Umgebung von Havelte gibt es&nbsp;sage und schreibe 3 Nationalparks! Dies sind die Nationalparks \u201aDwingelderveld\u2018,&nbsp;&nbsp;\u201aWeerribben\u2018 und der Nationalpark \u201aDrents-Friese Wold\u2018. Jeder einzelne bietet&nbsp;eine gro\u00dfe Vielfalt an landschaftlicher Sch\u00f6nheit. Hier k\u00f6nnen&nbsp;Sie auf gut ausgeschilderten Wegen stundenlang Wandern und Radfahren. Von Campingplatz Jelly&#8217;s Hoeve aus sind die Nationalparks [&hellip;]<\/p>\n","protected":false},"author":1,"featured_media":1936,"parent":0,"menu_order":0,"comment_status":"closed","ping_status":"closed","template":"","meta":{"footnotes":""},"class_list":["post-2776","page","type-page","status-publish","has-post-thumbnail","hentry"],"acf":[],"yoast_head":"<!-- This site is optimized with the Yoast SEO plugin v27.4 - https:\/\/yoast.com\/product\/yoast-seo-wordpress\/ -->\n<title>Umgebung | Jelly&#039;s Hoeve<\/title>\n<meta name=\"robots\" content=\"index, follow, max-snippet:-1, max-image-preview:large, max-video-preview:-1\" \/>\n<link rel=\"canonical\" href=\"https:\/\/jellyshoeve.nl\/de\/die-umgebung\/\" \/>\n<meta property=\"og:locale\" content=\"de_DE\" \/>\n<meta property=\"og:type\" content=\"article\" \/>\n<meta property=\"og:title\" content=\"Umgebung | Jelly&#039;s Hoeve\" \/>\n<meta property=\"og:description\" content=\"Entspannen Sie sich in der Natur unserer Nationalparks In der Umgebung von Havelte gibt es&nbsp;sage und schreibe 3 Nationalparks! Dies sind die Nationalparks \u201aDwingelderveld\u2018,&nbsp;&nbsp;\u201aWeerribben\u2018 und der Nationalpark \u201aDrents-Friese Wold\u2018. Jeder einzelne bietet&nbsp;eine gro\u00dfe Vielfalt an landschaftlicher Sch\u00f6nheit. Hier k\u00f6nnen&nbsp;Sie auf gut ausgeschilderten Wegen stundenlang Wandern und Radfahren. Von Campingplatz Jelly&#8217;s Hoeve aus sind die Nationalparks [&hellip;]\" \/>\n<meta property=\"og:url\" content=\"https:\/\/jellyshoeve.nl\/de\/die-umgebung\/\" \/>\n<meta property=\"og:site_name\" content=\"Jelly&#039;s Hoeve\" \/>\n<meta property=\"article:publisher\" content=\"https:\/\/www.facebook.com\/jellyshoeve\/\" \/>\n<meta property=\"article:modified_time\" content=\"2023-12-12T07:52:46+00:00\" \/>\n<meta property=\"og:image\" content=\"https:\/\/jellyshoeve.nl\/wp-content\/uploads\/2023\/11\/excursie_natuurgebied_drenthe_jellyshoeve4.jpg\" \/>\n\t<meta property=\"og:image:width\" content=\"2500\" \/>\n\t<meta property=\"og:image:height\" content=\"1667\" \/>\n\t<meta property=\"og:image:type\" content=\"image\/jpeg\" \/>\n<meta name=\"twitter:card\" content=\"summary_large_image\" \/>\n<meta name=\"twitter:label1\" content=\"Gesch\u00e4tzte Lesezeit\" \/>\n\t<meta name=\"twitter:data1\" content=\"2\u00a0Minuten\" \/>\n<script type=\"application\/ld+json\" class=\"yoast-schema-graph\">{\"@context\":\"https:\\\/\\\/schema.org\",\"@graph\":[{\"@type\":\"WebPage\",\"@id\":\"https:\\\/\\\/jellyshoeve.nl\\\/de\\\/die-umgebung\\\/\",\"url\":\"https:\\\/\\\/jellyshoeve.nl\\\/de\\\/die-umgebung\\\/\",\"name\":\"Umgebung | Jelly's Hoeve\",\"isPartOf\":{\"@id\":\"https:\\\/\\\/jellyshoeve.nl\\\/#website\"},\"primaryImageOfPage\":{\"@id\":\"https:\\\/\\\/jellyshoeve.nl\\\/de\\\/die-umgebung\\\/#primaryimage\"},\"image\":{\"@id\":\"https:\\\/\\\/jellyshoeve.nl\\\/de\\\/die-umgebung\\\/#primaryimage\"},\"thumbnailUrl\":\"https:\\\/\\\/jellyshoeve.nl\\\/wp-content\\\/uploads\\\/2023\\\/11\\\/excursie_natuurgebied_drenthe_jellyshoeve4.jpg\",\"datePublished\":\"2023-11-03T10:17:40+00:00\",\"dateModified\":\"2023-12-12T07:52:46+00:00\",\"breadcrumb\":{\"@id\":\"https:\\\/\\\/jellyshoeve.nl\\\/de\\\/die-umgebung\\\/#breadcrumb\"},\"inLanguage\":\"de\",\"potentialAction\":[{\"@type\":\"ReadAction\",\"target\":[\"https:\\\/\\\/jellyshoeve.nl\\\/de\\\/die-umgebung\\\/\"]}]},{\"@type\":\"ImageObject\",\"inLanguage\":\"de\",\"@id\":\"https:\\\/\\\/jellyshoeve.nl\\\/de\\\/die-umgebung\\\/#primaryimage\",\"url\":\"https:\\\/\\\/jellyshoeve.nl\\\/wp-content\\\/uploads\\\/2023\\\/11\\\/excursie_natuurgebied_drenthe_jellyshoeve4.jpg\",\"contentUrl\":\"https:\\\/\\\/jellyshoeve.nl\\\/wp-content\\\/uploads\\\/2023\\\/11\\\/excursie_natuurgebied_drenthe_jellyshoeve4.jpg\",\"width\":2500,\"height\":1667,\"caption\":\"Jelly's Hoeve\"},{\"@type\":\"BreadcrumbList\",\"@id\":\"https:\\\/\\\/jellyshoeve.nl\\\/de\\\/die-umgebung\\\/#breadcrumb\",\"itemListElement\":[{\"@type\":\"ListItem\",\"position\":1,\"name\":\"Home\",\"item\":\"https:\\\/\\\/jellyshoeve.nl\\\/de\\\/\"},{\"@type\":\"ListItem\",\"position\":2,\"name\":\"Umgebung\"}]},{\"@type\":\"WebSite\",\"@id\":\"https:\\\/\\\/jellyshoeve.nl\\\/#website\",\"url\":\"https:\\\/\\\/jellyshoeve.nl\\\/\",\"name\":\"Camping Jelly's Hoeve\",\"description\":\"camping &amp; logementen voor volwassenen\",\"publisher\":{\"@id\":\"https:\\\/\\\/jellyshoeve.nl\\\/#organization\"},\"potentialAction\":[{\"@type\":\"SearchAction\",\"target\":{\"@type\":\"EntryPoint\",\"urlTemplate\":\"https:\\\/\\\/jellyshoeve.nl\\\/?s={search_term_string}\"},\"query-input\":{\"@type\":\"PropertyValueSpecification\",\"valueRequired\":true,\"valueName\":\"search_term_string\"}}],\"inLanguage\":\"de\"},{\"@type\":\"Organization\",\"@id\":\"https:\\\/\\\/jellyshoeve.nl\\\/#organization\",\"name\":\"Camping Jelly's Hoeve\",\"url\":\"https:\\\/\\\/jellyshoeve.nl\\\/\",\"logo\":{\"@type\":\"ImageObject\",\"inLanguage\":\"de\",\"@id\":\"https:\\\/\\\/jellyshoeve.nl\\\/#\\\/schema\\\/logo\\\/image\\\/\",\"url\":\"https:\\\/\\\/jellyshoeve.nl\\\/wp-content\\\/uploads\\\/2023\\\/11\\\/logo.jpg\",\"contentUrl\":\"https:\\\/\\\/jellyshoeve.nl\\\/wp-content\\\/uploads\\\/2023\\\/11\\\/logo.jpg\",\"width\":147,\"height\":104,\"caption\":\"Camping Jelly's Hoeve\"},\"image\":{\"@id\":\"https:\\\/\\\/jellyshoeve.nl\\\/#\\\/schema\\\/logo\\\/image\\\/\"},\"sameAs\":[\"https:\\\/\\\/www.facebook.com\\\/jellyshoeve\\\/\"]}]}<\/script>\n<!-- \/ Yoast SEO plugin. -->","yoast_head_json":{"title":"Umgebung | Jelly's Hoeve","robots":{"index":"index","follow":"follow","max-snippet":"max-snippet:-1","max-image-preview":"max-image-preview:large","max-video-preview":"max-video-preview:-1"},"canonical":"https:\/\/jellyshoeve.nl\/de\/die-umgebung\/","og_locale":"de_DE","og_type":"article","og_title":"Umgebung | Jelly's Hoeve","og_description":"Entspannen Sie sich in der Natur unserer Nationalparks In der Umgebung von Havelte gibt es&nbsp;sage und schreibe 3 Nationalparks! Dies sind die Nationalparks \u201aDwingelderveld\u2018,&nbsp;&nbsp;\u201aWeerribben\u2018 und der Nationalpark \u201aDrents-Friese Wold\u2018. Jeder einzelne bietet&nbsp;eine gro\u00dfe Vielfalt an landschaftlicher Sch\u00f6nheit. Hier k\u00f6nnen&nbsp;Sie auf gut ausgeschilderten Wegen stundenlang Wandern und Radfahren. Von Campingplatz Jelly&#8217;s Hoeve aus sind die Nationalparks [&hellip;]","og_url":"https:\/\/jellyshoeve.nl\/de\/die-umgebung\/","og_site_name":"Jelly&#039;s Hoeve","article_publisher":"https:\/\/www.facebook.com\/jellyshoeve\/","article_modified_time":"2023-12-12T07:52:46+00:00","og_image":[{"width":2500,"height":1667,"url":"https:\/\/jellyshoeve.nl\/wp-content\/uploads\/2023\/11\/excursie_natuurgebied_drenthe_jellyshoeve4.jpg","type":"image\/jpeg"}],"twitter_card":"summary_large_image","twitter_misc":{"Gesch\u00e4tzte Lesezeit":"2\u00a0Minuten"},"schema":{"@context":"https:\/\/schema.org","@graph":[{"@type":"WebPage","@id":"https:\/\/jellyshoeve.nl\/de\/die-umgebung\/","url":"https:\/\/jellyshoeve.nl\/de\/die-umgebung\/","name":"Umgebung | Jelly's Hoeve","isPartOf":{"@id":"https:\/\/jellyshoeve.nl\/#website"},"primaryImageOfPage":{"@id":"https:\/\/jellyshoeve.nl\/de\/die-umgebung\/#primaryimage"},"image":{"@id":"https:\/\/jellyshoeve.nl\/de\/die-umgebung\/#primaryimage"},"thumbnailUrl":"https:\/\/jellyshoeve.nl\/wp-content\/uploads\/2023\/11\/excursie_natuurgebied_drenthe_jellyshoeve4.jpg","datePublished":"2023-11-03T10:17:40+00:00","dateModified":"2023-12-12T07:52:46+00:00","breadcrumb":{"@id":"https:\/\/jellyshoeve.nl\/de\/die-umgebung\/#breadcrumb"},"inLanguage":"de","potentialAction":[{"@type":"ReadAction","target":["https:\/\/jellyshoeve.nl\/de\/die-umgebung\/"]}]},{"@type":"ImageObject","inLanguage":"de","@id":"https:\/\/jellyshoeve.nl\/de\/die-umgebung\/#primaryimage","url":"https:\/\/jellyshoeve.nl\/wp-content\/uploads\/2023\/11\/excursie_natuurgebied_drenthe_jellyshoeve4.jpg","contentUrl":"https:\/\/jellyshoeve.nl\/wp-content\/uploads\/2023\/11\/excursie_natuurgebied_drenthe_jellyshoeve4.jpg","width":2500,"height":1667,"caption":"Jelly's Hoeve"},{"@type":"BreadcrumbList","@id":"https:\/\/jellyshoeve.nl\/de\/die-umgebung\/#breadcrumb","itemListElement":[{"@type":"ListItem","position":1,"name":"Home","item":"https:\/\/jellyshoeve.nl\/de\/"},{"@type":"ListItem","position":2,"name":"Umgebung"}]},{"@type":"WebSite","@id":"https:\/\/jellyshoeve.nl\/#website","url":"https:\/\/jellyshoeve.nl\/","name":"Camping Jelly's Hoeve","description":"camping &amp; logementen voor volwassenen","publisher":{"@id":"https:\/\/jellyshoeve.nl\/#organization"},"potentialAction":[{"@type":"SearchAction","target":{"@type":"EntryPoint","urlTemplate":"https:\/\/jellyshoeve.nl\/?s={search_term_string}"},"query-input":{"@type":"PropertyValueSpecification","valueRequired":true,"valueName":"search_term_string"}}],"inLanguage":"de"},{"@type":"Organization","@id":"https:\/\/jellyshoeve.nl\/#organization","name":"Camping Jelly's Hoeve","url":"https:\/\/jellyshoeve.nl\/","logo":{"@type":"ImageObject","inLanguage":"de","@id":"https:\/\/jellyshoeve.nl\/#\/schema\/logo\/image\/","url":"https:\/\/jellyshoeve.nl\/wp-content\/uploads\/2023\/11\/logo.jpg","contentUrl":"https:\/\/jellyshoeve.nl\/wp-content\/uploads\/2023\/11\/logo.jpg","width":147,"height":104,"caption":"Camping Jelly's Hoeve"},"image":{"@id":"https:\/\/jellyshoeve.nl\/#\/schema\/logo\/image\/"},"sameAs":["https:\/\/www.facebook.com\/jellyshoeve\/"]}]}},"_links":{"self":[{"href":"https:\/\/jellyshoeve.nl\/de\/wp-json\/wp\/v2\/pages\/2776","targetHints":{"allow":["GET"]}}],"collection":[{"href":"https:\/\/jellyshoeve.nl\/de\/wp-json\/wp\/v2\/pages"}],"about":[{"href":"https:\/\/jellyshoeve.nl\/de\/wp-json\/wp\/v2\/types\/page"}],"author":[{"embeddable":true,"href":"https:\/\/jellyshoeve.nl\/de\/wp-json\/wp\/v2\/users\/1"}],"replies":[{"embeddable":true,"href":"https:\/\/jellyshoeve.nl\/de\/wp-json\/wp\/v2\/comments?post=2776"}],"version-history":[{"count":2,"href":"https:\/\/jellyshoeve.nl\/de\/wp-json\/wp\/v2\/pages\/2776\/revisions"}],"predecessor-version":[{"id":2931,"href":"https:\/\/jellyshoeve.nl\/de\/wp-json\/wp\/v2\/pages\/2776\/revisions\/2931"}],"wp:featuredmedia":[{"embeddable":true,"href":"https:\/\/jellyshoeve.nl\/de\/wp-json\/wp\/v2\/media\/1936"}],"wp:attachment":[{"href":"https:\/\/jellyshoeve.nl\/de\/wp-json\/wp\/v2\/media?parent=2776"}],"curies":[{"name":"wp","href":"https:\/\/api.w.org\/{rel}","templated":true}]}}