{"id":2704,"date":"2023-11-06T13:55:07","date_gmt":"2023-11-06T13:55:07","guid":{"rendered":"http:\/\/jellyshoeve.nl\/?page_id=2704"},"modified":"2025-12-20T09:07:39","modified_gmt":"2025-12-20T09:07:39","slug":"unsere-einrichtungen","status":"publish","type":"page","link":"https:\/\/jellyshoeve.nl\/de\/unsere-einrichtungen\/","title":{"rendered":"Einrichtungen"},"content":{"rendered":"<style type=\"text\/css\">\n    .header-heights {\n        height: 45vh;\n    }\n    .header-heights.home {\n        height: 65vh;\n    }\n    @media (max-width: 767px) {\n        .header-heights {\n            height: ;\n        }\n        .header-heights.home {\n            height: ;\n        }\n    }\n<\/style><section class=\"header-img\">\n        <div class=\"img-inner header-heights\" style=\"background-image: url(https:\/\/jellyshoeve.nl\/wp-content\/uploads\/2023\/11\/faciliteiten_camping_jellyshoeve5-1600x1067.jpg);\"><\/div><\/section>\n\n\n<h1 class=\"wp-block-heading\">Serviceangebot auf dem Campingplatz<\/h1>\n\n\n\n<p>Mit dem Serviceangebot auf unserem Campingplatz m\u00f6chten wir Ihnen gerne einen erholsamen Urlaub bieten.<\/p>\n\n\n\n<ul class=\"wp-block-list\">\n<li>Alle Stellpl\u00e4tze sind, wie gew\u00fcnscht, mit 10 oder 16 Ampere Strom ausgestattet<\/li>\n\n\n\n<li>Ausgezeichnete W-LAN-Qualit\u00e4t auf jedem Stellplatz<\/li>\n\n\n\n<li>T\u00e4glich frische Br\u00f6tchen<\/li>\n\n\n\n<li>Abschlie\u00dfbare Fahrradshuppen<\/li>\n\n\n\n<li>Bibliothek mit kostenlosem B\u00fccher- und Zeitschriften verleih<\/li>\n\n\n\n<li>Touristische Informationen, Wander- und Radfahrkarten an der Rezeption erh\u00e4ltlich<\/li>\n<\/ul>\n\n\n<span id=\"more-2704\"><\/span>\n\n\n<p>Die sanit\u00e4ren Anlagen befinden sich im Haus. Das Sanit\u00e4rgeb\u00e4ude ist mit 2 einzelnen Waschr\u00e4umen, 4 Duschen und 6 Toiletten ausgestattet. Gegen eine zus\u00e4tzliche Geb\u00fchr k\u00f6nnen die Waschmaschine und der W\u00e4schetrockner im Sanit\u00e4rgeb\u00e4ude benutzt werden. Alles ist zentral gelegen!<\/p>\n\n\n\n<p>Unser komfortabler, \u00fcberdachter Abwaschplatz bietet gen\u00fcgend Platz. Es stehen Ihnen 4 Waschbecken mit gratis Warmwasser zur Verf\u00fcgung. Au\u00dferdem gibt es eine &#8222;Sitzecke\u2018\u2018 und Informationen \u00fcber Sehensw\u00fcrdigkeiten und Veranstaltungen in der Umgebung.<\/p>\n\n\n\n<h3 class=\"wp-block-heading\">faciliteiten camperserviceplaats <\/h3>\n\n\n\n<p>Selbstverst\u00e4ndlich gibt es einen Wohnmobil Serviceplatz mit Wasser-Zapfstelle, M\u00f6glichkeit den Abwassertank zu leeren und eine \u00fcberdachte Entsorgungsm\u00f6glichkeit f\u00fcr die chemische Toilette.<br>Dieser Wohnmobil Serviceplatz bietet auch f\u00fcr Mountainbiker eine ideale Gelegenheit, ihr Fahrrad zu s\u00e4ubern. Da der Campingplatz speziell f\u00fcr Erwachsene ausgestattet ist gibt es keine Spielm\u00f6glichkeiten.Es geht bei uns um die Ruhe, die Natur und Ihre Privatsph\u00e4re. Alles dreht sich um Ihren Urlaub!<\/p>\n\n\n\n<p>Haben Sie noch Fragen? Nehmen Sie <a href=\"http:\/\/jellyshoeve.nl\/de\/kontakt\/\">Kontakt<\/a> mit uns auf, wir freuen uns auf Ihre Anfrage.<\/p>\n\n\n<span class=\"more-end\"><\/span>\n\n\n<!-- Apply the height values and possibly the background image to the block -->\n<style type=\"text\/css\">\n    .tz-spacer {\n\n        background-image: url('https:\/\/jellyshoeve.nl\/wp-content\/themes\/tz-template\/img\/scheidingslijn.png');    }\n\n<\/style>\n\n<!-- The HTML structure of your spacer block -->\n<div class=\"tz-spacer\"><\/div>\n\n\n<main id=\"main\">\n    <div class=\"container\">\n        <div class=\"overzicht-archive row\">\n                                <a href=\"https:\/\/jellyshoeve.nl\/de\/einrichtungen\/glasfusion\/\" class=\"overzicht-page\">\n                        <img loading=\"lazy\" decoding=\"async\" width=\"600\" height=\"450\" src=\"https:\/\/jellyshoeve.nl\/wp-content\/uploads\/2023\/11\/glasfusion_kunstgallery_jellyshoeve6-600x450.jpg\" class=\"attachment-medium size-medium wp-post-image\" alt=\"\" srcset=\"https:\/\/jellyshoeve.nl\/wp-content\/uploads\/2023\/11\/glasfusion_kunstgallery_jellyshoeve6-600x450.jpg 600w, https:\/\/jellyshoeve.nl\/wp-content\/uploads\/2023\/11\/glasfusion_kunstgallery_jellyshoeve6-1600x1200.jpg 1600w, https:\/\/jellyshoeve.nl\/wp-content\/uploads\/2023\/11\/glasfusion_kunstgallery_jellyshoeve6-768x576.jpg 768w, https:\/\/jellyshoeve.nl\/wp-content\/uploads\/2023\/11\/glasfusion_kunstgallery_jellyshoeve6-1536x1152.jpg 1536w, https:\/\/jellyshoeve.nl\/wp-content\/uploads\/2023\/11\/glasfusion_kunstgallery_jellyshoeve6-2048x1536.jpg 2048w\" sizes=\"auto, (max-width: 600px) 100vw, 600px\" \/><div class=\"overview-text\"><h3>Glasfusion<\/h3><span class=\"btn read-more\">mehr lesen<\/span><\/div>                    <\/a>\n                                    <a href=\"https:\/\/jellyshoeve.nl\/de\/einrichtungen\/platzplan\/\" class=\"overzicht-page\">\n                        <img loading=\"lazy\" decoding=\"async\" width=\"600\" height=\"480\" src=\"https:\/\/jellyshoeve.nl\/wp-content\/uploads\/2023\/11\/plattegrond-jh1-600x480.png\" class=\"attachment-medium size-medium wp-post-image\" alt=\"\" srcset=\"https:\/\/jellyshoeve.nl\/wp-content\/uploads\/2023\/11\/plattegrond-jh1-600x480.png 600w, https:\/\/jellyshoeve.nl\/wp-content\/uploads\/2023\/11\/plattegrond-jh1-1600x1279.png 1600w, https:\/\/jellyshoeve.nl\/wp-content\/uploads\/2023\/11\/plattegrond-jh1-768x614.png 768w, https:\/\/jellyshoeve.nl\/wp-content\/uploads\/2023\/11\/plattegrond-jh1-1536x1228.png 1536w, https:\/\/jellyshoeve.nl\/wp-content\/uploads\/2023\/11\/plattegrond-jh1.png 1713w\" sizes=\"auto, (max-width: 600px) 100vw, 600px\" \/><div class=\"overview-text\"><h3>Lageplan<\/h3><span class=\"btn read-more\">mehr lesen<\/span><\/div>                    <\/a>\n                        <\/div>\n    <\/div>\n<\/main>\n\n\n<!-- Subfooter Section -->\n<section class=\"subfooter subfooter-full-width\">\n    <div class=\"container\">\n        <div class=\"row\">\n                        <div class=\"webapp-group col-blocks-3\">\n                <h2>Sehen Sie sich die App an<\/h2>\n                <p>Alle Informationen zum Campingplatz, zur Ausstattung und Ausflugstipps finden Sie in unserer WebApp.<\/p>\n                <a target=\"_blank\" href=\"https:\/\/info.jellyshoeve.nl\/de\/\" class=\"btn\">\u00d6ffnen Sie die App<\/a>\n            <\/div>\n\n            <!-- Newsletter Group -->\n                        <div class=\"newsletter-group col-blocks-3\">\n                <h2><\/h2>\n                <p><\/p>\n                <div class=\"newsletter-signup\">\n                                    <\/div>\n            <\/div>\n\n            <!-- Tour Group -->\n                        <div class=\"tour-group col-blocks-3\">\n                <h2>Vogelperspektive<\/h2>\n                <p>Sehen Sie sich unser Video an und entdecken Sie Camping Jelly&#039;s Hoeve in einer Minute.<\/p>\n                <a href=\"https:\/\/jellyshoeve.nl\/de\/videoeindruck\/\" class=\"btn\">schau das Video<\/a>\n            <\/div>\n\n        <\/div>\n    <\/div>\n<\/section>\n\n\n<style type=\"text\/css\">\n    .omgeving-height {\n        height: 50vh;\n    }\n    @media (max-width: 767px) {\n        .omgeving-height {\n            height: ;\n        }\n    }\n<\/style><section class=\"omgeving omgeving-full-width\">\n        <div class=\"omgeving-inner omgeving-height\" style=\"background-image: url(https:\/\/jellyshoeve.nl\/wp-content\/uploads\/2023\/10\/eindfoto-1600x1066.jpg);\"><div class=\"omgeving-text\">\n                <div class=\"text\"><h4>Genie\u00dfen Sie die<\/h4>\n<h4>wundersch\u00f6ne Natur!<\/h4>\n<\/div><\/div><\/div><\/section>","protected":false},"excerpt":{"rendered":"<p>Serviceangebot auf dem Campingplatz Mit dem Serviceangebot auf unserem Campingplatz m\u00f6chten wir Ihnen gerne einen erholsamen Urlaub bieten. Die sanit\u00e4ren Anlagen befinden sich im Haus. Das Sanit\u00e4rgeb\u00e4ude ist mit 2 einzelnen Waschr\u00e4umen, 4 Duschen und 6 Toiletten ausgestattet. Gegen eine zus\u00e4tzliche Geb\u00fchr k\u00f6nnen die Waschmaschine und der W\u00e4schetrockner im Sanit\u00e4rgeb\u00e4ude benutzt werden. Alles ist zentral [&hellip;]<\/p>\n","protected":false},"author":1,"featured_media":1972,"parent":0,"menu_order":0,"comment_status":"closed","ping_status":"closed","template":"","meta":{"footnotes":""},"class_list":["post-2704","page","type-page","status-publish","has-post-thumbnail","hentry"],"acf":[],"yoast_head":"<!-- This site is optimized with the Yoast SEO plugin v27.4 - https:\/\/yoast.com\/product\/yoast-seo-wordpress\/ -->\n<title>Einrichtungen | Camping Jelly&#039;s Hoeve<\/title>\n<meta name=\"robots\" content=\"index, follow, max-snippet:-1, max-image-preview:large, max-video-preview:-1\" \/>\n<link rel=\"canonical\" href=\"https:\/\/jellyshoeve.nl\/de\/unsere-einrichtungen\/\" \/>\n<meta property=\"og:locale\" content=\"de_DE\" \/>\n<meta property=\"og:type\" content=\"article\" \/>\n<meta property=\"og:title\" content=\"Einrichtungen | Camping Jelly&#039;s Hoeve\" \/>\n<meta property=\"og:description\" content=\"Serviceangebot auf dem Campingplatz Mit dem Serviceangebot auf unserem Campingplatz m\u00f6chten wir Ihnen gerne einen erholsamen Urlaub bieten. Die sanit\u00e4ren Anlagen befinden sich im Haus. Das Sanit\u00e4rgeb\u00e4ude ist mit 2 einzelnen Waschr\u00e4umen, 4 Duschen und 6 Toiletten ausgestattet. Gegen eine zus\u00e4tzliche Geb\u00fchr k\u00f6nnen die Waschmaschine und der W\u00e4schetrockner im Sanit\u00e4rgeb\u00e4ude benutzt werden. Alles ist zentral [&hellip;]\" \/>\n<meta property=\"og:url\" content=\"https:\/\/jellyshoeve.nl\/de\/unsere-einrichtungen\/\" \/>\n<meta property=\"og:site_name\" content=\"Jelly&#039;s Hoeve\" \/>\n<meta property=\"article:publisher\" content=\"https:\/\/www.facebook.com\/jellyshoeve\/\" \/>\n<meta property=\"article:modified_time\" content=\"2025-12-20T09:07:39+00:00\" \/>\n<meta property=\"og:image\" content=\"http:\/\/jellyshoeve.nl\/wp-content\/uploads\/2023\/11\/faciliteiten_camping_jellyshoeve7.jpg\" \/>\n\t<meta property=\"og:image:width\" content=\"2500\" \/>\n\t<meta property=\"og:image:height\" content=\"1667\" \/>\n\t<meta property=\"og:image:type\" content=\"image\/jpeg\" \/>\n<meta name=\"twitter:card\" content=\"summary_large_image\" \/>\n<meta name=\"twitter:label1\" content=\"Gesch\u00e4tzte Lesezeit\" \/>\n\t<meta name=\"twitter:data1\" content=\"2\u00a0Minuten\" \/>\n<script type=\"application\/ld+json\" class=\"yoast-schema-graph\">{\"@context\":\"https:\\\/\\\/schema.org\",\"@graph\":[{\"@type\":\"WebPage\",\"@id\":\"https:\\\/\\\/jellyshoeve.nl\\\/de\\\/unsere-einrichtungen\\\/\",\"url\":\"https:\\\/\\\/jellyshoeve.nl\\\/de\\\/unsere-einrichtungen\\\/\",\"name\":\"Einrichtungen | Camping Jelly's Hoeve\",\"isPartOf\":{\"@id\":\"https:\\\/\\\/jellyshoeve.nl\\\/#website\"},\"primaryImageOfPage\":{\"@id\":\"https:\\\/\\\/jellyshoeve.nl\\\/de\\\/unsere-einrichtungen\\\/#primaryimage\"},\"image\":{\"@id\":\"https:\\\/\\\/jellyshoeve.nl\\\/de\\\/unsere-einrichtungen\\\/#primaryimage\"},\"thumbnailUrl\":\"https:\\\/\\\/jellyshoeve.nl\\\/wp-content\\\/uploads\\\/2023\\\/11\\\/faciliteiten_camping_jellyshoeve7.jpg\",\"datePublished\":\"2023-11-06T13:55:07+00:00\",\"dateModified\":\"2025-12-20T09:07:39+00:00\",\"breadcrumb\":{\"@id\":\"https:\\\/\\\/jellyshoeve.nl\\\/de\\\/unsere-einrichtungen\\\/#breadcrumb\"},\"inLanguage\":\"de\",\"potentialAction\":[{\"@type\":\"ReadAction\",\"target\":[\"https:\\\/\\\/jellyshoeve.nl\\\/de\\\/unsere-einrichtungen\\\/\"]}]},{\"@type\":\"ImageObject\",\"inLanguage\":\"de\",\"@id\":\"https:\\\/\\\/jellyshoeve.nl\\\/de\\\/unsere-einrichtungen\\\/#primaryimage\",\"url\":\"https:\\\/\\\/jellyshoeve.nl\\\/wp-content\\\/uploads\\\/2023\\\/11\\\/faciliteiten_camping_jellyshoeve7.jpg\",\"contentUrl\":\"https:\\\/\\\/jellyshoeve.nl\\\/wp-content\\\/uploads\\\/2023\\\/11\\\/faciliteiten_camping_jellyshoeve7.jpg\",\"width\":2500,\"height\":1667,\"caption\":\"Jelly's Hoeve\"},{\"@type\":\"BreadcrumbList\",\"@id\":\"https:\\\/\\\/jellyshoeve.nl\\\/de\\\/unsere-einrichtungen\\\/#breadcrumb\",\"itemListElement\":[{\"@type\":\"ListItem\",\"position\":1,\"name\":\"Home\",\"item\":\"https:\\\/\\\/jellyshoeve.nl\\\/de\\\/\"},{\"@type\":\"ListItem\",\"position\":2,\"name\":\"Einrichtungen\"}]},{\"@type\":\"WebSite\",\"@id\":\"https:\\\/\\\/jellyshoeve.nl\\\/#website\",\"url\":\"https:\\\/\\\/jellyshoeve.nl\\\/\",\"name\":\"Camping Jelly's Hoeve\",\"description\":\"camping &amp; logementen voor volwassenen\",\"publisher\":{\"@id\":\"https:\\\/\\\/jellyshoeve.nl\\\/#organization\"},\"potentialAction\":[{\"@type\":\"SearchAction\",\"target\":{\"@type\":\"EntryPoint\",\"urlTemplate\":\"https:\\\/\\\/jellyshoeve.nl\\\/?s={search_term_string}\"},\"query-input\":{\"@type\":\"PropertyValueSpecification\",\"valueRequired\":true,\"valueName\":\"search_term_string\"}}],\"inLanguage\":\"de\"},{\"@type\":\"Organization\",\"@id\":\"https:\\\/\\\/jellyshoeve.nl\\\/#organization\",\"name\":\"Camping Jelly's Hoeve\",\"url\":\"https:\\\/\\\/jellyshoeve.nl\\\/\",\"logo\":{\"@type\":\"ImageObject\",\"inLanguage\":\"de\",\"@id\":\"https:\\\/\\\/jellyshoeve.nl\\\/#\\\/schema\\\/logo\\\/image\\\/\",\"url\":\"https:\\\/\\\/jellyshoeve.nl\\\/wp-content\\\/uploads\\\/2023\\\/11\\\/logo.jpg\",\"contentUrl\":\"https:\\\/\\\/jellyshoeve.nl\\\/wp-content\\\/uploads\\\/2023\\\/11\\\/logo.jpg\",\"width\":147,\"height\":104,\"caption\":\"Camping Jelly's Hoeve\"},\"image\":{\"@id\":\"https:\\\/\\\/jellyshoeve.nl\\\/#\\\/schema\\\/logo\\\/image\\\/\"},\"sameAs\":[\"https:\\\/\\\/www.facebook.com\\\/jellyshoeve\\\/\"]}]}<\/script>\n<!-- \/ Yoast SEO plugin. -->","yoast_head_json":{"title":"Einrichtungen | Camping Jelly's Hoeve","robots":{"index":"index","follow":"follow","max-snippet":"max-snippet:-1","max-image-preview":"max-image-preview:large","max-video-preview":"max-video-preview:-1"},"canonical":"https:\/\/jellyshoeve.nl\/de\/unsere-einrichtungen\/","og_locale":"de_DE","og_type":"article","og_title":"Einrichtungen | Camping Jelly's Hoeve","og_description":"Serviceangebot auf dem Campingplatz Mit dem Serviceangebot auf unserem Campingplatz m\u00f6chten wir Ihnen gerne einen erholsamen Urlaub bieten. Die sanit\u00e4ren Anlagen befinden sich im Haus. Das Sanit\u00e4rgeb\u00e4ude ist mit 2 einzelnen Waschr\u00e4umen, 4 Duschen und 6 Toiletten ausgestattet. Gegen eine zus\u00e4tzliche Geb\u00fchr k\u00f6nnen die Waschmaschine und der W\u00e4schetrockner im Sanit\u00e4rgeb\u00e4ude benutzt werden. Alles ist zentral [&hellip;]","og_url":"https:\/\/jellyshoeve.nl\/de\/unsere-einrichtungen\/","og_site_name":"Jelly&#039;s Hoeve","article_publisher":"https:\/\/www.facebook.com\/jellyshoeve\/","article_modified_time":"2025-12-20T09:07:39+00:00","og_image":[{"width":2500,"height":1667,"url":"http:\/\/jellyshoeve.nl\/wp-content\/uploads\/2023\/11\/faciliteiten_camping_jellyshoeve7.jpg","type":"image\/jpeg"}],"twitter_card":"summary_large_image","twitter_misc":{"Gesch\u00e4tzte Lesezeit":"2\u00a0Minuten"},"schema":{"@context":"https:\/\/schema.org","@graph":[{"@type":"WebPage","@id":"https:\/\/jellyshoeve.nl\/de\/unsere-einrichtungen\/","url":"https:\/\/jellyshoeve.nl\/de\/unsere-einrichtungen\/","name":"Einrichtungen | Camping Jelly's Hoeve","isPartOf":{"@id":"https:\/\/jellyshoeve.nl\/#website"},"primaryImageOfPage":{"@id":"https:\/\/jellyshoeve.nl\/de\/unsere-einrichtungen\/#primaryimage"},"image":{"@id":"https:\/\/jellyshoeve.nl\/de\/unsere-einrichtungen\/#primaryimage"},"thumbnailUrl":"https:\/\/jellyshoeve.nl\/wp-content\/uploads\/2023\/11\/faciliteiten_camping_jellyshoeve7.jpg","datePublished":"2023-11-06T13:55:07+00:00","dateModified":"2025-12-20T09:07:39+00:00","breadcrumb":{"@id":"https:\/\/jellyshoeve.nl\/de\/unsere-einrichtungen\/#breadcrumb"},"inLanguage":"de","potentialAction":[{"@type":"ReadAction","target":["https:\/\/jellyshoeve.nl\/de\/unsere-einrichtungen\/"]}]},{"@type":"ImageObject","inLanguage":"de","@id":"https:\/\/jellyshoeve.nl\/de\/unsere-einrichtungen\/#primaryimage","url":"https:\/\/jellyshoeve.nl\/wp-content\/uploads\/2023\/11\/faciliteiten_camping_jellyshoeve7.jpg","contentUrl":"https:\/\/jellyshoeve.nl\/wp-content\/uploads\/2023\/11\/faciliteiten_camping_jellyshoeve7.jpg","width":2500,"height":1667,"caption":"Jelly's Hoeve"},{"@type":"BreadcrumbList","@id":"https:\/\/jellyshoeve.nl\/de\/unsere-einrichtungen\/#breadcrumb","itemListElement":[{"@type":"ListItem","position":1,"name":"Home","item":"https:\/\/jellyshoeve.nl\/de\/"},{"@type":"ListItem","position":2,"name":"Einrichtungen"}]},{"@type":"WebSite","@id":"https:\/\/jellyshoeve.nl\/#website","url":"https:\/\/jellyshoeve.nl\/","name":"Camping Jelly's Hoeve","description":"camping &amp; logementen voor volwassenen","publisher":{"@id":"https:\/\/jellyshoeve.nl\/#organization"},"potentialAction":[{"@type":"SearchAction","target":{"@type":"EntryPoint","urlTemplate":"https:\/\/jellyshoeve.nl\/?s={search_term_string}"},"query-input":{"@type":"PropertyValueSpecification","valueRequired":true,"valueName":"search_term_string"}}],"inLanguage":"de"},{"@type":"Organization","@id":"https:\/\/jellyshoeve.nl\/#organization","name":"Camping Jelly's Hoeve","url":"https:\/\/jellyshoeve.nl\/","logo":{"@type":"ImageObject","inLanguage":"de","@id":"https:\/\/jellyshoeve.nl\/#\/schema\/logo\/image\/","url":"https:\/\/jellyshoeve.nl\/wp-content\/uploads\/2023\/11\/logo.jpg","contentUrl":"https:\/\/jellyshoeve.nl\/wp-content\/uploads\/2023\/11\/logo.jpg","width":147,"height":104,"caption":"Camping Jelly's Hoeve"},"image":{"@id":"https:\/\/jellyshoeve.nl\/#\/schema\/logo\/image\/"},"sameAs":["https:\/\/www.facebook.com\/jellyshoeve\/"]}]}},"_links":{"self":[{"href":"https:\/\/jellyshoeve.nl\/de\/wp-json\/wp\/v2\/pages\/2704","targetHints":{"allow":["GET"]}}],"collection":[{"href":"https:\/\/jellyshoeve.nl\/de\/wp-json\/wp\/v2\/pages"}],"about":[{"href":"https:\/\/jellyshoeve.nl\/de\/wp-json\/wp\/v2\/types\/page"}],"author":[{"embeddable":true,"href":"https:\/\/jellyshoeve.nl\/de\/wp-json\/wp\/v2\/users\/1"}],"replies":[{"embeddable":true,"href":"https:\/\/jellyshoeve.nl\/de\/wp-json\/wp\/v2\/comments?post=2704"}],"version-history":[{"count":8,"href":"https:\/\/jellyshoeve.nl\/de\/wp-json\/wp\/v2\/pages\/2704\/revisions"}],"predecessor-version":[{"id":3348,"href":"https:\/\/jellyshoeve.nl\/de\/wp-json\/wp\/v2\/pages\/2704\/revisions\/3348"}],"wp:featuredmedia":[{"embeddable":true,"href":"https:\/\/jellyshoeve.nl\/de\/wp-json\/wp\/v2\/media\/1972"}],"wp:attachment":[{"href":"https:\/\/jellyshoeve.nl\/de\/wp-json\/wp\/v2\/media?parent=2704"}],"curies":[{"name":"wp","href":"https:\/\/api.w.org\/{rel}","templated":true}]}}