{"id":2364,"date":"2023-11-06T14:01:35","date_gmt":"2023-11-06T14:01:35","guid":{"rendered":"http:\/\/jellyshoeve.nl\/?post_type=faciliteiten&#038;p=2364"},"modified":"2025-04-11T06:42:02","modified_gmt":"2025-04-11T06:42:02","slug":"nachhaltigen-campingplatz","status":"publish","type":"page","link":"https:\/\/jellyshoeve.nl\/de\/nachhaltigen-campingplatz\/","title":{"rendered":"Nachhaltigen Campingplatz"},"content":{"rendered":"\n<div class=\"wp-block-columns is-layout-flex wp-container-core-columns-is-layout-9d6595d7 wp-block-columns-is-layout-flex\">\n<div class=\"wp-block-column is-layout-flow wp-block-column-is-layout-flow\" style=\"flex-basis:66.66%\"><section class=\"gallery-section top-gallery\"><h3>Bekijk alle foto&#039;s<\/h3><div class=\"gallery gallery-columns-4 gallery-size-medium\"><figure class=\"gallery-item acco1\"><div class=\"gallery-icon\"><a href=\"https:\/\/jellyshoeve.nl\/wp-content\/uploads\/2023\/11\/duuzame_camping_jellyshoeve1.jpg\" data-fancybox=\"gallery\"><img src=\"https:\/\/jellyshoeve.nl\/wp-content\/uploads\/2023\/11\/duuzame_camping_jellyshoeve1-1600x721.jpg\" class=\"attachment-large size-large\" alt=\"\" decoding=\"async\" fetchpriority=\"high\" srcset=\"https:\/\/jellyshoeve.nl\/wp-content\/uploads\/2023\/11\/duuzame_camping_jellyshoeve1-1600x721.jpg 300w, https:\/\/jellyshoeve.nl\/wp-content\/uploads\/2023\/11\/duuzame_camping_jellyshoeve1-1600x721.jpg 1024w, https:\/\/jellyshoeve.nl\/wp-content\/uploads\/2023\/11\/duuzame_camping_jellyshoeve1-768x346.jpg 768w, https:\/\/jellyshoeve.nl\/wp-content\/uploads\/2023\/11\/duuzame_camping_jellyshoeve1.jpg 1200w\" sizes=\"(max-width: 300px) 100vw, 300px\"><\/a><\/div><\/figure><figure class=\"gallery-item acco2\"><div class=\"gallery-icon\"><a href=\"https:\/\/jellyshoeve.nl\/wp-content\/uploads\/2023\/11\/duuzame_camping_jellyshoeve2.jpg\" data-fancybox=\"gallery\"><img src=\"https:\/\/jellyshoeve.nl\/wp-content\/uploads\/2023\/11\/duuzame_camping_jellyshoeve2-600x369.jpg\" class=\"attachment-medium size-medium\" alt=\"\" decoding=\"async\" fetchpriority=\"high\" srcset=\"https:\/\/jellyshoeve.nl\/wp-content\/uploads\/2023\/11\/duuzame_camping_jellyshoeve2-600x369.jpg 300w, https:\/\/jellyshoeve.nl\/wp-content\/uploads\/2023\/11\/duuzame_camping_jellyshoeve2-1600x985.jpg 1024w, https:\/\/jellyshoeve.nl\/wp-content\/uploads\/2023\/11\/duuzame_camping_jellyshoeve2-768x473.jpg 768w, https:\/\/jellyshoeve.nl\/wp-content\/uploads\/2023\/11\/duuzame_camping_jellyshoeve2.jpg 1200w\" sizes=\"(max-width: 300px) 100vw, 300px\"><\/a><\/div><\/figure><figure class=\"gallery-item acco3\"><div class=\"gallery-icon\"><a href=\"https:\/\/jellyshoeve.nl\/wp-content\/uploads\/2023\/11\/duuzame_camping_jellyshoeve6.jpg\" data-fancybox=\"gallery\"><img src=\"https:\/\/jellyshoeve.nl\/wp-content\/uploads\/2023\/11\/duuzame_camping_jellyshoeve6-600x450.jpg\" class=\"attachment-medium size-medium\" alt=\"\" decoding=\"async\" fetchpriority=\"high\" srcset=\"https:\/\/jellyshoeve.nl\/wp-content\/uploads\/2023\/11\/duuzame_camping_jellyshoeve6-600x450.jpg 300w, https:\/\/jellyshoeve.nl\/wp-content\/uploads\/2023\/11\/duuzame_camping_jellyshoeve6-1600x1200.jpg 1024w, https:\/\/jellyshoeve.nl\/wp-content\/uploads\/2023\/11\/duuzame_camping_jellyshoeve6-768x576.jpg 768w, https:\/\/jellyshoeve.nl\/wp-content\/uploads\/2023\/11\/duuzame_camping_jellyshoeve6.jpg 1200w\" sizes=\"(max-width: 300px) 100vw, 300px\"><\/a><\/div><\/figure><figure class=\"gallery-item acco4\"><div class=\"gallery-icon\"><a href=\"https:\/\/jellyshoeve.nl\/wp-content\/uploads\/2023\/11\/duuzame_camping_jellyshoeve3.jpg\" data-fancybox=\"gallery\"><img src=\"https:\/\/jellyshoeve.nl\/wp-content\/uploads\/2023\/11\/duuzame_camping_jellyshoeve3-450x600.jpg\" class=\"attachment-medium size-medium\" alt=\"\" decoding=\"async\" fetchpriority=\"high\" srcset=\"https:\/\/jellyshoeve.nl\/wp-content\/uploads\/2023\/11\/duuzame_camping_jellyshoeve3-450x600.jpg 300w, https:\/\/jellyshoeve.nl\/wp-content\/uploads\/2023\/11\/duuzame_camping_jellyshoeve3-1200x1600.jpg 1024w, https:\/\/jellyshoeve.nl\/wp-content\/uploads\/2023\/11\/duuzame_camping_jellyshoeve3-768x1024.jpg 768w, https:\/\/jellyshoeve.nl\/wp-content\/uploads\/2023\/11\/duuzame_camping_jellyshoeve3.jpg 1200w\" sizes=\"(max-width: 300px) 100vw, 300px\"><\/a><\/div><\/figure><figure class=\"gallery-item\"><div class=\"gallery-icon\"><a href=\"https:\/\/jellyshoeve.nl\/wp-content\/uploads\/2023\/11\/duuzame_camping_jellyshoeve5.jpg\" data-fancybox=\"gallery\"><img src=\"https:\/\/jellyshoeve.nl\/wp-content\/uploads\/2023\/11\/duuzame_camping_jellyshoeve5-600x450.jpg\" class=\"attachment-medium size-medium\" alt=\"\" decoding=\"async\" fetchpriority=\"high\" srcset=\"https:\/\/jellyshoeve.nl\/wp-content\/uploads\/2023\/11\/duuzame_camping_jellyshoeve5-600x450.jpg 300w, https:\/\/jellyshoeve.nl\/wp-content\/uploads\/2023\/11\/duuzame_camping_jellyshoeve5-1600x1200.jpg 1024w, https:\/\/jellyshoeve.nl\/wp-content\/uploads\/2023\/11\/duuzame_camping_jellyshoeve5-768x576.jpg 768w, https:\/\/jellyshoeve.nl\/wp-content\/uploads\/2023\/11\/duuzame_camping_jellyshoeve5.jpg 1200w\" sizes=\"(max-width: 300px) 100vw, 300px\"><\/a><\/div><\/figure><figure class=\"gallery-item\"><div class=\"gallery-icon\"><a href=\"https:\/\/jellyshoeve.nl\/wp-content\/uploads\/2023\/11\/duuzame_camping_jellyshoeve4.jpg\" data-fancybox=\"gallery\"><img src=\"https:\/\/jellyshoeve.nl\/wp-content\/uploads\/2023\/11\/duuzame_camping_jellyshoeve4-600x450.jpg\" class=\"attachment-medium size-medium\" alt=\"\" decoding=\"async\" fetchpriority=\"high\" srcset=\"https:\/\/jellyshoeve.nl\/wp-content\/uploads\/2023\/11\/duuzame_camping_jellyshoeve4-600x450.jpg 300w, https:\/\/jellyshoeve.nl\/wp-content\/uploads\/2023\/11\/duuzame_camping_jellyshoeve4-1600x1200.jpg 1024w, https:\/\/jellyshoeve.nl\/wp-content\/uploads\/2023\/11\/duuzame_camping_jellyshoeve4-768x576.jpg 768w, https:\/\/jellyshoeve.nl\/wp-content\/uploads\/2023\/11\/duuzame_camping_jellyshoeve4.jpg 1200w\" sizes=\"(max-width: 300px) 100vw, 300px\"><\/a><\/div><\/figure><\/div><\/section>\n\n\n<h1 class=\"wp-block-heading\">Entdecken Sie den nachhaltigen Campingplatz Jelly&#8217;s Hoeve<\/h1>\n\n\n\n<p>Bei einem Camping- und Ferienhausunternehmen wie Jelly&#8217;s Hoeve braucht es einiges, um es zu wagen, nachhaltig zu sein. Bei der Verbesserung der Qualit\u00e4t unseres Unternehmens \u00fcberlegen wir immer wieder, ob es auch nachhaltiger gemacht werden kann. Manchmal ist es ganz einfach, manchmal aber auch ziemlich schwierig und teuer. Nicht alle G\u00e4ste finden unsere Entscheidungen gleich angenehm. Dennoch sind wir \u00fcberzeugt, dass wir durch die weitere Optimierung und nachhaltigeren Gestaltung unseres Campingplatzes und unserer Unterk\u00fcnfte zu einer besseren Umwelt beitragen!<\/p>\n\n\n<span id=\"more-2364\"><\/span>\n\n\n<p>Die 52 Sonnenkollektoren auf unserem Farmdach reichen mehr als aus, um die Elektrofahrr\u00e4der, das Werkzeug und unseren fantastischen Elektro-Jeep aufzuladen, mit dem wir Ausfl\u00fcge machen (Jelly&#8217;s Green Tours).<\/p>\n\n\n\n<p>Die Terrassen an unseren&nbsp;<a href=\"http:\/\/jellyshoeve.nl\/de\/accommodaties\/top-platz-mit-naturterrasse\/\">Top-Pl\u00e4tze mit Naturterrasse<\/a>&nbsp;sind gemacht aus recyceltem Holz. Die Warmwasserversorgung f\u00fcr unsere Campingg\u00e4ste wird \u00fcber einen Solarboiler sichergestellt.<\/p>\n\n\n\n<p>Dass wir in den letzten Jahren nicht unt\u00e4tig geblieben sind, zeigt die folgende kurze \u00dcbersicht unserer bereits durchgef\u00fchrten nachhaltigen Verbesserungen:<\/p>\n\n\n\n<h3 class=\"wp-block-heading\">Wasser sparen<\/h3>\n\n\n\n<ul class=\"wp-block-list\">\n<li>Wassersparende Duschk\u00f6pfe<\/li>\n\n\n\n<li>5 Minuten hei\u00dfes Wasser pro Dusche<\/li>\n\n\n\n<li>Fu\u00dfpedal f\u00fcr die Chemietoiletten-Entleerung; Wassersparend und besonders hygienisch.<\/li>\n\n\n\n<li>Keine Abfl\u00fcsse an den Leitungswasserh\u00e4hnen vor Ort; Auf diese Weise wird unn\u00f6tiges, h\u00e4ufiges Sp\u00fclen vermieden und das versch\u00fcttete Wasser kommt den Gr\u00e4sern und B\u00e4umen zugute.<\/li>\n<\/ul>\n\n\n\n<h3 class=\"wp-block-heading\">Energie intelligenter nutzen<\/h3>\n\n\n\n<ul class=\"wp-block-list\">\n<li>Das Gras auf den Campingpl\u00e4tzen wird mit einem vollelektrischen Rasenm\u00e4her gem\u00e4ht. Das ist nicht nur nachhaltig, sondern es entsteht auch weniger Bel\u00e4stigung durch L\u00e4rm und Staub. Und\u2026 wir produzieren weniger Grasabf\u00e4lle.<\/li>\n\n\n\n<li>W\u00e4hrend der Campingsaison werden f\u00fcr die gesamte Wartung des Gel\u00e4ndes schnurlose Werkzeuge verwendet. Rasenm\u00e4her, Freischneider, Asts\u00e4ge, Laubbl\u00e4ser, Heckenschere und Kantenschneider sind vollelektrisch.<\/li>\n\n\n\n<li>Jelly&#8217;s Green Tours werden in einem vollelektrischen Gel\u00e4ndefahrzeug gefahren; unser E-Jeep.<\/li>\n\n\n\n<li>Die Beheizung unseres Sanit\u00e4rgeb\u00e4udes erfolgt elektrisch mittels Infrarotheizung.<\/li>\n\n\n\n<li>Die gesamte Beleuchtung auf dem Gel\u00e4nde, im Sanit\u00e4rgeb\u00e4ude und in den Unterk\u00fcnften ist mit LED-Lampen ausgestattet.<\/li>\n\n\n\n<li>In unsere Ferienwohnungen kochen Sie mit Induktion.<\/li>\n\n\n\n<li>Die Au\u00dfenbeleuchtung ist mit D\u00e4mmerungsschaltern ausgestattet, die Innenbeleuchtung mit Bewegungserkennung.<\/li>\n\n\n\n<li>Ihr Stromverbrauch wird pro kWh abgerechnet; Wenig konsumieren hei\u00dft wenig bezahlen!<\/li>\n<\/ul>\n\n\n\n<h3 class=\"wp-block-heading\">Und weiter..<\/h3>\n\n\n\n<ul class=\"wp-block-list\">\n<li>Die Bibliothek ist gef\u00fcllt mit recycelten B\u00fcchern und Zeitschriften<\/li>\n\n\n\n<li>Verwendung von recyceltem Holz unter anderem f\u00fcr Au\u00dfenbeleuchtung und Terrassen<\/li>\n\n\n\n<li>Verwendung umweltfreundlicher Reinigungsmittel<\/li>\n\n\n\n<li>Sanfte gr\u00fcne Au\u00dfenbeleuchtung, damit die Natur so wenig wie m\u00f6glich gest\u00f6rt wird und Sie die Sterne sehen k\u00f6nnen!<\/li>\n\n\n\n<li>Innovativer Spender f\u00fcr feste Handseife (anstelle von Fl\u00fcssigkeit)<\/li>\n\n\n\n<li>Beh\u00e4lter f\u00fcr getrennten Abfall<\/li>\n\n\n\n<li>Kein Zeitungsverkauf, wir bieten Ihnen den Service der Nachsendung Ihrer Zeitung an.<\/li>\n<\/ul>\n\n\n<span class=\"more-end\"><\/span><\/div>\n\n\n\n<div class=\"wp-block-column is-layout-flow wp-block-column-is-layout-flow\" style=\"flex-basis:33.33%\">\n<div class=\"wp-block-columns is-style-gradientgroen is-layout-flex wp-container-core-columns-is-layout-9d6595d7 wp-block-columns-is-layout-flex\">\n<div class=\"wp-block-column is-layout-flow wp-block-column-is-layout-flow\">\n<h2 class=\"wp-block-heading\">Darum Jelly\u2019s Hoeve<\/h2>\n\n\n\n<ul class=\"wp-block-list\">\n<li>Zwischen 3 Nationalparks<\/li>\n\n\n\n<li>Charaktervoll und gr\u00fcn<\/li>\n\n\n\n<li>Auf Gehweite von Havelte&nbsp;<\/li>\n\n\n\n<li>Nur f\u00fcr Erwachsene<\/li>\n<\/ul>\n<\/div>\n<\/div>\n<\/div>\n<\/div>\n\n\n<!-- Subfooter Section -->\n<section class=\"subfooter subfooter-full-width\">\n    <div class=\"container\">\n        <div class=\"row\">\n                        <div class=\"webapp-group col-blocks-3\">\n                <h2>Sehen Sie sich die App an<\/h2>\n                <p>Alle Informationen zum Campingplatz, zur Ausstattung und Ausflugstipps finden Sie in unserer WebApp.<\/p>\n                <a target=\"_blank\" href=\"https:\/\/info.jellyshoeve.nl\/de\/\" class=\"btn\">\u00d6ffnen Sie die App<\/a>\n            <\/div>\n\n            <!-- Newsletter Group -->\n                        <div class=\"newsletter-group col-blocks-3\">\n                <h2><\/h2>\n                <p><\/p>\n                <div class=\"newsletter-signup\">\n                                    <\/div>\n            <\/div>\n\n            <!-- Tour Group -->\n                        <div class=\"tour-group col-blocks-3\">\n                <h2>Vogelperspektive<\/h2>\n                <p>Sehen Sie sich unser Video an und entdecken Sie Camping Jelly&#039;s Hoeve in einer Minute.<\/p>\n                <a href=\"https:\/\/jellyshoeve.nl\/de\/videoeindruck\/\" class=\"btn\">schau das Video<\/a>\n            <\/div>\n\n        <\/div>\n    <\/div>\n<\/section>\n\n\n<style type=\"text\/css\">\n    .omgeving-height {\n        height: 50vh;\n    }\n    @media (max-width: 767px) {\n        .omgeving-height {\n            height: ;\n        }\n    }\n<\/style><section class=\"omgeving omgeving-full-width\">\n        <div class=\"omgeving-inner omgeving-height\" style=\"background-image: url(https:\/\/jellyshoeve.nl\/wp-content\/uploads\/2023\/10\/eindfoto-1600x1066.jpg);\"><div class=\"omgeving-text\">\n                <div class=\"text\"><h4>Genie\u00dfen Sie die<\/h4>\n<h4>wundersch\u00f6ne Natur!<\/h4>\n<\/div><\/div><\/div><\/section>","protected":false},"excerpt":{"rendered":"<p>Entdecken Sie den nachhaltigen Campingplatz Jelly&#8217;s Hoeve Bei einem Camping- und Ferienhausunternehmen wie Jelly&#8217;s Hoeve braucht es einiges, um es zu wagen, nachhaltig zu sein. Bei der Verbesserung der Qualit\u00e4t unseres Unternehmens \u00fcberlegen wir immer wieder, ob es auch nachhaltiger gemacht werden kann. Manchmal ist es ganz einfach, manchmal aber auch ziemlich schwierig und teuer. [&hellip;]<\/p>\n","protected":false},"author":1,"featured_media":1990,"parent":0,"menu_order":1,"comment_status":"closed","ping_status":"closed","template":"","meta":{"footnotes":""},"class_list":["post-2364","page","type-page","status-publish","has-post-thumbnail","hentry"],"acf":[],"yoast_head":"<!-- This site is optimized with the Yoast SEO plugin v27.4 - https:\/\/yoast.com\/product\/yoast-seo-wordpress\/ -->\n<title>Nachhaltiges Camping in Drenthe | Jelly&#039;s Hoeve<\/title>\n<meta name=\"description\" content=\"Camping ohne Kinder, Camping, Jellys Hoeve, Drenthe, Havelte\" \/>\n<meta name=\"robots\" content=\"index, follow, max-snippet:-1, max-image-preview:large, max-video-preview:-1\" \/>\n<link rel=\"canonical\" href=\"https:\/\/jellyshoeve.nl\/de\/nachhaltigen-campingplatz\/\" \/>\n<meta property=\"og:locale\" content=\"de_DE\" \/>\n<meta property=\"og:type\" content=\"article\" \/>\n<meta property=\"og:title\" content=\"Nachhaltiges Camping in Drenthe | Jelly&#039;s Hoeve\" \/>\n<meta property=\"og:description\" content=\"Camping ohne Kinder, Camping, Jellys Hoeve, Drenthe, Havelte\" \/>\n<meta property=\"og:url\" content=\"https:\/\/jellyshoeve.nl\/de\/nachhaltigen-campingplatz\/\" \/>\n<meta property=\"og:site_name\" content=\"Jelly&#039;s Hoeve\" \/>\n<meta property=\"article:publisher\" content=\"https:\/\/www.facebook.com\/jellyshoeve\/\" \/>\n<meta property=\"article:modified_time\" content=\"2025-04-11T06:42:02+00:00\" \/>\n<meta property=\"og:image\" content=\"http:\/\/jellyshoeve.nl\/wp-content\/uploads\/2023\/11\/duuzame_camping_jellyshoeve6.jpg\" \/>\n\t<meta property=\"og:image:width\" content=\"2500\" \/>\n\t<meta property=\"og:image:height\" content=\"1875\" \/>\n\t<meta property=\"og:image:type\" content=\"image\/jpeg\" \/>\n<meta name=\"twitter:card\" content=\"summary_large_image\" \/>\n<meta name=\"twitter:label1\" content=\"Gesch\u00e4tzte Lesezeit\" \/>\n\t<meta name=\"twitter:data1\" content=\"3\u00a0Minuten\" \/>\n<script type=\"application\/ld+json\" class=\"yoast-schema-graph\">{\"@context\":\"https:\\\/\\\/schema.org\",\"@graph\":[{\"@type\":\"WebPage\",\"@id\":\"https:\\\/\\\/jellyshoeve.nl\\\/de\\\/nachhaltigen-campingplatz\\\/\",\"url\":\"https:\\\/\\\/jellyshoeve.nl\\\/de\\\/nachhaltigen-campingplatz\\\/\",\"name\":\"Nachhaltiges Camping in Drenthe | Jelly's Hoeve\",\"isPartOf\":{\"@id\":\"https:\\\/\\\/jellyshoeve.nl\\\/#website\"},\"primaryImageOfPage\":{\"@id\":\"https:\\\/\\\/jellyshoeve.nl\\\/de\\\/nachhaltigen-campingplatz\\\/#primaryimage\"},\"image\":{\"@id\":\"https:\\\/\\\/jellyshoeve.nl\\\/de\\\/nachhaltigen-campingplatz\\\/#primaryimage\"},\"thumbnailUrl\":\"https:\\\/\\\/jellyshoeve.nl\\\/wp-content\\\/uploads\\\/2023\\\/11\\\/duuzame_camping_jellyshoeve6.jpg\",\"datePublished\":\"2023-11-06T14:01:35+00:00\",\"dateModified\":\"2025-04-11T06:42:02+00:00\",\"description\":\"Camping ohne Kinder, Camping, Jellys Hoeve, Drenthe, Havelte\",\"breadcrumb\":{\"@id\":\"https:\\\/\\\/jellyshoeve.nl\\\/de\\\/nachhaltigen-campingplatz\\\/#breadcrumb\"},\"inLanguage\":\"de\",\"potentialAction\":[{\"@type\":\"ReadAction\",\"target\":[\"https:\\\/\\\/jellyshoeve.nl\\\/de\\\/nachhaltigen-campingplatz\\\/\"]}]},{\"@type\":\"ImageObject\",\"inLanguage\":\"de\",\"@id\":\"https:\\\/\\\/jellyshoeve.nl\\\/de\\\/nachhaltigen-campingplatz\\\/#primaryimage\",\"url\":\"https:\\\/\\\/jellyshoeve.nl\\\/wp-content\\\/uploads\\\/2023\\\/11\\\/duuzame_camping_jellyshoeve6.jpg\",\"contentUrl\":\"https:\\\/\\\/jellyshoeve.nl\\\/wp-content\\\/uploads\\\/2023\\\/11\\\/duuzame_camping_jellyshoeve6.jpg\",\"width\":2500,\"height\":1875},{\"@type\":\"BreadcrumbList\",\"@id\":\"https:\\\/\\\/jellyshoeve.nl\\\/de\\\/nachhaltigen-campingplatz\\\/#breadcrumb\",\"itemListElement\":[{\"@type\":\"ListItem\",\"position\":1,\"name\":\"Home\",\"item\":\"https:\\\/\\\/jellyshoeve.nl\\\/de\\\/\"},{\"@type\":\"ListItem\",\"position\":2,\"name\":\"Nachhaltigen Campingplatz\"}]},{\"@type\":\"WebSite\",\"@id\":\"https:\\\/\\\/jellyshoeve.nl\\\/#website\",\"url\":\"https:\\\/\\\/jellyshoeve.nl\\\/\",\"name\":\"Camping Jelly's Hoeve\",\"description\":\"camping &amp; logementen voor volwassenen\",\"publisher\":{\"@id\":\"https:\\\/\\\/jellyshoeve.nl\\\/#organization\"},\"potentialAction\":[{\"@type\":\"SearchAction\",\"target\":{\"@type\":\"EntryPoint\",\"urlTemplate\":\"https:\\\/\\\/jellyshoeve.nl\\\/?s={search_term_string}\"},\"query-input\":{\"@type\":\"PropertyValueSpecification\",\"valueRequired\":true,\"valueName\":\"search_term_string\"}}],\"inLanguage\":\"de\"},{\"@type\":\"Organization\",\"@id\":\"https:\\\/\\\/jellyshoeve.nl\\\/#organization\",\"name\":\"Camping Jelly's Hoeve\",\"url\":\"https:\\\/\\\/jellyshoeve.nl\\\/\",\"logo\":{\"@type\":\"ImageObject\",\"inLanguage\":\"de\",\"@id\":\"https:\\\/\\\/jellyshoeve.nl\\\/#\\\/schema\\\/logo\\\/image\\\/\",\"url\":\"https:\\\/\\\/jellyshoeve.nl\\\/wp-content\\\/uploads\\\/2023\\\/11\\\/logo.jpg\",\"contentUrl\":\"https:\\\/\\\/jellyshoeve.nl\\\/wp-content\\\/uploads\\\/2023\\\/11\\\/logo.jpg\",\"width\":147,\"height\":104,\"caption\":\"Camping Jelly's Hoeve\"},\"image\":{\"@id\":\"https:\\\/\\\/jellyshoeve.nl\\\/#\\\/schema\\\/logo\\\/image\\\/\"},\"sameAs\":[\"https:\\\/\\\/www.facebook.com\\\/jellyshoeve\\\/\"]}]}<\/script>\n<!-- \/ Yoast SEO plugin. -->","yoast_head_json":{"title":"Nachhaltiges Camping in Drenthe | Jelly's Hoeve","description":"Camping ohne Kinder, Camping, Jellys Hoeve, Drenthe, Havelte","robots":{"index":"index","follow":"follow","max-snippet":"max-snippet:-1","max-image-preview":"max-image-preview:large","max-video-preview":"max-video-preview:-1"},"canonical":"https:\/\/jellyshoeve.nl\/de\/nachhaltigen-campingplatz\/","og_locale":"de_DE","og_type":"article","og_title":"Nachhaltiges Camping in Drenthe | Jelly's Hoeve","og_description":"Camping ohne Kinder, Camping, Jellys Hoeve, Drenthe, Havelte","og_url":"https:\/\/jellyshoeve.nl\/de\/nachhaltigen-campingplatz\/","og_site_name":"Jelly&#039;s Hoeve","article_publisher":"https:\/\/www.facebook.com\/jellyshoeve\/","article_modified_time":"2025-04-11T06:42:02+00:00","og_image":[{"width":2500,"height":1875,"url":"http:\/\/jellyshoeve.nl\/wp-content\/uploads\/2023\/11\/duuzame_camping_jellyshoeve6.jpg","type":"image\/jpeg"}],"twitter_card":"summary_large_image","twitter_misc":{"Gesch\u00e4tzte Lesezeit":"3\u00a0Minuten"},"schema":{"@context":"https:\/\/schema.org","@graph":[{"@type":"WebPage","@id":"https:\/\/jellyshoeve.nl\/de\/nachhaltigen-campingplatz\/","url":"https:\/\/jellyshoeve.nl\/de\/nachhaltigen-campingplatz\/","name":"Nachhaltiges Camping in Drenthe | Jelly's Hoeve","isPartOf":{"@id":"https:\/\/jellyshoeve.nl\/#website"},"primaryImageOfPage":{"@id":"https:\/\/jellyshoeve.nl\/de\/nachhaltigen-campingplatz\/#primaryimage"},"image":{"@id":"https:\/\/jellyshoeve.nl\/de\/nachhaltigen-campingplatz\/#primaryimage"},"thumbnailUrl":"https:\/\/jellyshoeve.nl\/wp-content\/uploads\/2023\/11\/duuzame_camping_jellyshoeve6.jpg","datePublished":"2023-11-06T14:01:35+00:00","dateModified":"2025-04-11T06:42:02+00:00","description":"Camping ohne Kinder, Camping, Jellys Hoeve, Drenthe, Havelte","breadcrumb":{"@id":"https:\/\/jellyshoeve.nl\/de\/nachhaltigen-campingplatz\/#breadcrumb"},"inLanguage":"de","potentialAction":[{"@type":"ReadAction","target":["https:\/\/jellyshoeve.nl\/de\/nachhaltigen-campingplatz\/"]}]},{"@type":"ImageObject","inLanguage":"de","@id":"https:\/\/jellyshoeve.nl\/de\/nachhaltigen-campingplatz\/#primaryimage","url":"https:\/\/jellyshoeve.nl\/wp-content\/uploads\/2023\/11\/duuzame_camping_jellyshoeve6.jpg","contentUrl":"https:\/\/jellyshoeve.nl\/wp-content\/uploads\/2023\/11\/duuzame_camping_jellyshoeve6.jpg","width":2500,"height":1875},{"@type":"BreadcrumbList","@id":"https:\/\/jellyshoeve.nl\/de\/nachhaltigen-campingplatz\/#breadcrumb","itemListElement":[{"@type":"ListItem","position":1,"name":"Home","item":"https:\/\/jellyshoeve.nl\/de\/"},{"@type":"ListItem","position":2,"name":"Nachhaltigen Campingplatz"}]},{"@type":"WebSite","@id":"https:\/\/jellyshoeve.nl\/#website","url":"https:\/\/jellyshoeve.nl\/","name":"Camping Jelly's Hoeve","description":"camping &amp; logementen voor volwassenen","publisher":{"@id":"https:\/\/jellyshoeve.nl\/#organization"},"potentialAction":[{"@type":"SearchAction","target":{"@type":"EntryPoint","urlTemplate":"https:\/\/jellyshoeve.nl\/?s={search_term_string}"},"query-input":{"@type":"PropertyValueSpecification","valueRequired":true,"valueName":"search_term_string"}}],"inLanguage":"de"},{"@type":"Organization","@id":"https:\/\/jellyshoeve.nl\/#organization","name":"Camping Jelly's Hoeve","url":"https:\/\/jellyshoeve.nl\/","logo":{"@type":"ImageObject","inLanguage":"de","@id":"https:\/\/jellyshoeve.nl\/#\/schema\/logo\/image\/","url":"https:\/\/jellyshoeve.nl\/wp-content\/uploads\/2023\/11\/logo.jpg","contentUrl":"https:\/\/jellyshoeve.nl\/wp-content\/uploads\/2023\/11\/logo.jpg","width":147,"height":104,"caption":"Camping Jelly's Hoeve"},"image":{"@id":"https:\/\/jellyshoeve.nl\/#\/schema\/logo\/image\/"},"sameAs":["https:\/\/www.facebook.com\/jellyshoeve\/"]}]}},"_links":{"self":[{"href":"https:\/\/jellyshoeve.nl\/de\/wp-json\/wp\/v2\/pages\/2364","targetHints":{"allow":["GET"]}}],"collection":[{"href":"https:\/\/jellyshoeve.nl\/de\/wp-json\/wp\/v2\/pages"}],"about":[{"href":"https:\/\/jellyshoeve.nl\/de\/wp-json\/wp\/v2\/types\/page"}],"author":[{"embeddable":true,"href":"https:\/\/jellyshoeve.nl\/de\/wp-json\/wp\/v2\/users\/1"}],"replies":[{"embeddable":true,"href":"https:\/\/jellyshoeve.nl\/de\/wp-json\/wp\/v2\/comments?post=2364"}],"version-history":[{"count":2,"href":"https:\/\/jellyshoeve.nl\/de\/wp-json\/wp\/v2\/pages\/2364\/revisions"}],"predecessor-version":[{"id":3204,"href":"https:\/\/jellyshoeve.nl\/de\/wp-json\/wp\/v2\/pages\/2364\/revisions\/3204"}],"wp:featuredmedia":[{"embeddable":true,"href":"https:\/\/jellyshoeve.nl\/de\/wp-json\/wp\/v2\/media\/1990"}],"wp:attachment":[{"href":"https:\/\/jellyshoeve.nl\/de\/wp-json\/wp\/v2\/media?parent=2364"}],"curies":[{"name":"wp","href":"https:\/\/api.w.org\/{rel}","templated":true}]}}