{"id":2355,"date":"2023-11-06T13:36:06","date_gmt":"2023-11-06T13:36:06","guid":{"rendered":"http:\/\/jellyshoeve.nl\/?page_id=2355"},"modified":"2025-09-14T08:22:53","modified_gmt":"2025-09-14T08:22:53","slug":"monat-juni","status":"publish","type":"page","link":"https:\/\/jellyshoeve.nl\/de\/monat-juni\/","title":{"rendered":"Monat Juni"},"content":{"rendered":"<style type=\"text\/css\">\n    .header-heights {\n        height: 45vh;\n    }\n    .header-heights.home {\n        height: 65vh;\n    }\n    @media (max-width: 767px) {\n        .header-heights {\n            height: ;\n        }\n        .header-heights.home {\n            height: ;\n        }\n    }\n<\/style><section class=\"header-img\">\n        <div class=\"img-inner header-heights\" style=\"background-image: url(https:\/\/jellyshoeve.nl\/wp-content\/uploads\/2023\/10\/header-1600x610.jpg);\"><div class=\"header_txt\">\n                <h3>Camping und Unterkunft f\u00fcr<\/h3>\n                <h2>Erwachsene!<\/h2><\/div><\/div><\/section>\n\n\n<div class=\"wp-block-columns is-layout-flex wp-container-core-columns-is-layout-9d6595d7 wp-block-columns-is-layout-flex\">\n<div class=\"wp-block-column is-layout-flow wp-block-column-is-layout-flow\" style=\"flex-basis:66.66%\">\n<h1 class=\"wp-block-heading\">Der Monat Juni<\/h1>\n\n\n\n<p>Kommen Sie im Juni zum Campen auf Camping Jelly&#8217;s Hoeve und profitieren Sie von unserem attraktiven Monatspaket. Wunderbar mit dem Fahrrad oder zu Fu\u00df zu erkunden. Das wundersch\u00f6ne Holtingerveld, der Nationalpark Dwingelderveld, Weerribben-Wieden oder Drents Friese Wold werden Sie mit seiner Ruhe, Weite und abwechslungsreichen Landschaft bezaubern. Genie\u00dfen Sie die wundersch\u00f6nen D\u00f6rfer, die Sie unterwegs besuchen!<\/p>\n\n\n\n<p>In Meppel und der Festungsstadt Steenwijk k\u00f6nnen Sie die gem\u00fctlichen Gesch\u00e4fte besuchen. Mieten Sie in Giethoorn ein Boot, um die Weerribben zu erkunden. Vom Campingplatz Jelly&#8217;s Hoeve aus ist alles mit dem Fahrrad erreichbar.<\/p>\n\n\n\n<p>Zur\u00fcck in Jelly&#8217;s Hoeve k\u00f6nnen Sie alle Annehmlichkeiten genie\u00dfen, die der Campingplatz bietet. Leihen Sie sich ein Buch aus unserer kostenlosen Bibliothek aus oder schauen Sie sich einen Film auf Ihrem iPad an. Letzteres ist dank unserem hervorragenden WLAN sicherlich kein Problem. Da wir ein Campingplatz f\u00fcr Menschen sind, die ohne Kinder Urlaub machen, k\u00f6nnen wir Ihnen das gewisse Extra an Ruhe und Frieden bieten.<\/p>\n\n\n\n<h3 class=\"wp-block-heading\">Arrangement-Inhalte<\/h3>\n\n\n\n<ol class=\"wp-block-list\">\n<li>Juni \u2013 30. Juni<\/li>\n<\/ol>\n\n\n\n<h3 class=\"wp-block-heading\">Inklusive<\/h3>\n\n\n\n<ul class=\"wp-block-list\">\n<li>2 Personen<\/li>\n\n\n\n<li>1 Campingausr\u00fcstung und 1 Auto<\/li>\n\n\n\n<li>unbegrenztes WLAN<\/li>\n\n\n\n<li>Warmwasser\/Dusche<\/li>\n\n\n\n<li>Abwasseranschluss auf dem Campingplatz<\/li>\n<\/ul>\n\n\n\n<h3 class=\"wp-block-heading\">Preis \u20ac 595,-<\/h3>\n\n\n\n<h3 class=\"wp-block-heading\"><strong>Zus\u00e4tzliche Kosten<\/strong><\/h3>\n\n\n\n<ul class=\"wp-block-list\">\n<li>Kurtaxe<\/li>\n\n\n\n<li>Umweltsteuer<\/li>\n\n\n\n<li>Energieverbrauch\/Netzanschluss 10 oder 16 Amp\u00e8re<\/li>\n<\/ul>\n<\/div>\n\n\n\n<div class=\"wp-block-column is-layout-flow wp-block-column-is-layout-flow\" style=\"flex-basis:33.33%\">\n<div class=\"wp-block-columns is-style-gradientgroen is-layout-flex wp-container-core-columns-is-layout-9d6595d7 wp-block-columns-is-layout-flex\">\n<div class=\"wp-block-column is-layout-flow wp-block-column-is-layout-flow\">\n<h2 class=\"wp-block-heading\">Darum Jelly\u2019s Hoeve<\/h2>\n\n\n\n<ul class=\"wp-block-list\">\n<li>Zwischen 3 Nationalparks<\/li>\n\n\n\n<li>Charaktervoll und gr\u00fcn<\/li>\n\n\n\n<li>Auf Gehweite von Havelte&nbsp;<\/li>\n\n\n\n<li>Nur f\u00fcr Erwachsene<\/li>\n<\/ul>\n<\/div>\n<\/div>\n<\/div>\n<\/div>\n","protected":false},"excerpt":{"rendered":"<p>Der Monat Juni Kommen Sie im Juni zum Campen auf Camping Jelly&#8217;s Hoeve und profitieren Sie von unserem attraktiven Monatspaket. Wunderbar mit dem Fahrrad oder zu Fu\u00df zu erkunden. Das wundersch\u00f6ne Holtingerveld, der Nationalpark Dwingelderveld, Weerribben-Wieden oder Drents Friese Wold werden Sie mit seiner Ruhe, Weite und abwechslungsreichen Landschaft bezaubern. Genie\u00dfen Sie die wundersch\u00f6nen D\u00f6rfer, [&hellip;]<\/p>\n","protected":false},"author":1,"featured_media":2833,"parent":0,"menu_order":0,"comment_status":"closed","ping_status":"closed","template":"","meta":{"footnotes":""},"class_list":["post-2355","page","type-page","status-publish","has-post-thumbnail","hentry"],"acf":[],"yoast_head":"<!-- This site is optimized with the Yoast SEO plugin v27.4 - https:\/\/yoast.com\/product\/yoast-seo-wordpress\/ -->\n<title>Monat Juni | Jelly&#039;s Hoeve<\/title>\n<meta name=\"robots\" content=\"index, follow, max-snippet:-1, max-image-preview:large, max-video-preview:-1\" \/>\n<link rel=\"canonical\" href=\"https:\/\/jellyshoeve.nl\/de\/monat-juni\/\" \/>\n<meta property=\"og:locale\" content=\"de_DE\" \/>\n<meta property=\"og:type\" content=\"article\" \/>\n<meta property=\"og:title\" content=\"Monat Juni | Jelly&#039;s Hoeve\" \/>\n<meta property=\"og:description\" content=\"Der Monat Juni Kommen Sie im Juni zum Campen auf Camping Jelly&#8217;s Hoeve und profitieren Sie von unserem attraktiven Monatspaket. Wunderbar mit dem Fahrrad oder zu Fu\u00df zu erkunden. Das wundersch\u00f6ne Holtingerveld, der Nationalpark Dwingelderveld, Weerribben-Wieden oder Drents Friese Wold werden Sie mit seiner Ruhe, Weite und abwechslungsreichen Landschaft bezaubern. Genie\u00dfen Sie die wundersch\u00f6nen D\u00f6rfer, [&hellip;]\" \/>\n<meta property=\"og:url\" content=\"https:\/\/jellyshoeve.nl\/de\/monat-juni\/\" \/>\n<meta property=\"og:site_name\" content=\"Jelly&#039;s Hoeve\" \/>\n<meta property=\"article:publisher\" content=\"https:\/\/www.facebook.com\/jellyshoeve\/\" \/>\n<meta property=\"article:modified_time\" content=\"2025-09-14T08:22:53+00:00\" \/>\n<meta property=\"og:image\" content=\"http:\/\/jellyshoeve.nl\/wp-content\/uploads\/2023\/12\/5.kampeerplaats_drenthe_jellyshoeve17.jpg\" \/>\n\t<meta property=\"og:image:width\" content=\"2016\" \/>\n\t<meta property=\"og:image:height\" content=\"908\" \/>\n\t<meta property=\"og:image:type\" content=\"image\/jpeg\" \/>\n<meta name=\"twitter:card\" content=\"summary_large_image\" \/>\n<meta name=\"twitter:label1\" content=\"Gesch\u00e4tzte Lesezeit\" \/>\n\t<meta name=\"twitter:data1\" content=\"2\u00a0Minuten\" \/>\n<script type=\"application\/ld+json\" class=\"yoast-schema-graph\">{\"@context\":\"https:\\\/\\\/schema.org\",\"@graph\":[{\"@type\":\"WebPage\",\"@id\":\"https:\\\/\\\/jellyshoeve.nl\\\/de\\\/monat-juni\\\/\",\"url\":\"https:\\\/\\\/jellyshoeve.nl\\\/de\\\/monat-juni\\\/\",\"name\":\"Monat Juni | Jelly's Hoeve\",\"isPartOf\":{\"@id\":\"https:\\\/\\\/jellyshoeve.nl\\\/#website\"},\"primaryImageOfPage\":{\"@id\":\"https:\\\/\\\/jellyshoeve.nl\\\/de\\\/monat-juni\\\/#primaryimage\"},\"image\":{\"@id\":\"https:\\\/\\\/jellyshoeve.nl\\\/de\\\/monat-juni\\\/#primaryimage\"},\"thumbnailUrl\":\"https:\\\/\\\/jellyshoeve.nl\\\/wp-content\\\/uploads\\\/2023\\\/12\\\/5.kampeerplaats_drenthe_jellyshoeve17.jpg\",\"datePublished\":\"2023-11-06T13:36:06+00:00\",\"dateModified\":\"2025-09-14T08:22:53+00:00\",\"breadcrumb\":{\"@id\":\"https:\\\/\\\/jellyshoeve.nl\\\/de\\\/monat-juni\\\/#breadcrumb\"},\"inLanguage\":\"de\",\"potentialAction\":[{\"@type\":\"ReadAction\",\"target\":[\"https:\\\/\\\/jellyshoeve.nl\\\/de\\\/monat-juni\\\/\"]}]},{\"@type\":\"ImageObject\",\"inLanguage\":\"de\",\"@id\":\"https:\\\/\\\/jellyshoeve.nl\\\/de\\\/monat-juni\\\/#primaryimage\",\"url\":\"https:\\\/\\\/jellyshoeve.nl\\\/wp-content\\\/uploads\\\/2023\\\/12\\\/5.kampeerplaats_drenthe_jellyshoeve17.jpg\",\"contentUrl\":\"https:\\\/\\\/jellyshoeve.nl\\\/wp-content\\\/uploads\\\/2023\\\/12\\\/5.kampeerplaats_drenthe_jellyshoeve17.jpg\",\"width\":2016,\"height\":908},{\"@type\":\"BreadcrumbList\",\"@id\":\"https:\\\/\\\/jellyshoeve.nl\\\/de\\\/monat-juni\\\/#breadcrumb\",\"itemListElement\":[{\"@type\":\"ListItem\",\"position\":1,\"name\":\"Home\",\"item\":\"https:\\\/\\\/jellyshoeve.nl\\\/de\\\/\"},{\"@type\":\"ListItem\",\"position\":2,\"name\":\"Monat Juni\"}]},{\"@type\":\"WebSite\",\"@id\":\"https:\\\/\\\/jellyshoeve.nl\\\/#website\",\"url\":\"https:\\\/\\\/jellyshoeve.nl\\\/\",\"name\":\"Camping Jelly's Hoeve\",\"description\":\"camping &amp; logementen voor volwassenen\",\"publisher\":{\"@id\":\"https:\\\/\\\/jellyshoeve.nl\\\/#organization\"},\"potentialAction\":[{\"@type\":\"SearchAction\",\"target\":{\"@type\":\"EntryPoint\",\"urlTemplate\":\"https:\\\/\\\/jellyshoeve.nl\\\/?s={search_term_string}\"},\"query-input\":{\"@type\":\"PropertyValueSpecification\",\"valueRequired\":true,\"valueName\":\"search_term_string\"}}],\"inLanguage\":\"de\"},{\"@type\":\"Organization\",\"@id\":\"https:\\\/\\\/jellyshoeve.nl\\\/#organization\",\"name\":\"Camping Jelly's Hoeve\",\"url\":\"https:\\\/\\\/jellyshoeve.nl\\\/\",\"logo\":{\"@type\":\"ImageObject\",\"inLanguage\":\"de\",\"@id\":\"https:\\\/\\\/jellyshoeve.nl\\\/#\\\/schema\\\/logo\\\/image\\\/\",\"url\":\"https:\\\/\\\/jellyshoeve.nl\\\/wp-content\\\/uploads\\\/2023\\\/11\\\/logo.jpg\",\"contentUrl\":\"https:\\\/\\\/jellyshoeve.nl\\\/wp-content\\\/uploads\\\/2023\\\/11\\\/logo.jpg\",\"width\":147,\"height\":104,\"caption\":\"Camping Jelly's Hoeve\"},\"image\":{\"@id\":\"https:\\\/\\\/jellyshoeve.nl\\\/#\\\/schema\\\/logo\\\/image\\\/\"},\"sameAs\":[\"https:\\\/\\\/www.facebook.com\\\/jellyshoeve\\\/\"]}]}<\/script>\n<!-- \/ Yoast SEO plugin. -->","yoast_head_json":{"title":"Monat Juni | Jelly's Hoeve","robots":{"index":"index","follow":"follow","max-snippet":"max-snippet:-1","max-image-preview":"max-image-preview:large","max-video-preview":"max-video-preview:-1"},"canonical":"https:\/\/jellyshoeve.nl\/de\/monat-juni\/","og_locale":"de_DE","og_type":"article","og_title":"Monat Juni | Jelly's Hoeve","og_description":"Der Monat Juni Kommen Sie im Juni zum Campen auf Camping Jelly&#8217;s Hoeve und profitieren Sie von unserem attraktiven Monatspaket. Wunderbar mit dem Fahrrad oder zu Fu\u00df zu erkunden. Das wundersch\u00f6ne Holtingerveld, der Nationalpark Dwingelderveld, Weerribben-Wieden oder Drents Friese Wold werden Sie mit seiner Ruhe, Weite und abwechslungsreichen Landschaft bezaubern. Genie\u00dfen Sie die wundersch\u00f6nen D\u00f6rfer, [&hellip;]","og_url":"https:\/\/jellyshoeve.nl\/de\/monat-juni\/","og_site_name":"Jelly&#039;s Hoeve","article_publisher":"https:\/\/www.facebook.com\/jellyshoeve\/","article_modified_time":"2025-09-14T08:22:53+00:00","og_image":[{"width":2016,"height":908,"url":"http:\/\/jellyshoeve.nl\/wp-content\/uploads\/2023\/12\/5.kampeerplaats_drenthe_jellyshoeve17.jpg","type":"image\/jpeg"}],"twitter_card":"summary_large_image","twitter_misc":{"Gesch\u00e4tzte Lesezeit":"2\u00a0Minuten"},"schema":{"@context":"https:\/\/schema.org","@graph":[{"@type":"WebPage","@id":"https:\/\/jellyshoeve.nl\/de\/monat-juni\/","url":"https:\/\/jellyshoeve.nl\/de\/monat-juni\/","name":"Monat Juni | Jelly's Hoeve","isPartOf":{"@id":"https:\/\/jellyshoeve.nl\/#website"},"primaryImageOfPage":{"@id":"https:\/\/jellyshoeve.nl\/de\/monat-juni\/#primaryimage"},"image":{"@id":"https:\/\/jellyshoeve.nl\/de\/monat-juni\/#primaryimage"},"thumbnailUrl":"https:\/\/jellyshoeve.nl\/wp-content\/uploads\/2023\/12\/5.kampeerplaats_drenthe_jellyshoeve17.jpg","datePublished":"2023-11-06T13:36:06+00:00","dateModified":"2025-09-14T08:22:53+00:00","breadcrumb":{"@id":"https:\/\/jellyshoeve.nl\/de\/monat-juni\/#breadcrumb"},"inLanguage":"de","potentialAction":[{"@type":"ReadAction","target":["https:\/\/jellyshoeve.nl\/de\/monat-juni\/"]}]},{"@type":"ImageObject","inLanguage":"de","@id":"https:\/\/jellyshoeve.nl\/de\/monat-juni\/#primaryimage","url":"https:\/\/jellyshoeve.nl\/wp-content\/uploads\/2023\/12\/5.kampeerplaats_drenthe_jellyshoeve17.jpg","contentUrl":"https:\/\/jellyshoeve.nl\/wp-content\/uploads\/2023\/12\/5.kampeerplaats_drenthe_jellyshoeve17.jpg","width":2016,"height":908},{"@type":"BreadcrumbList","@id":"https:\/\/jellyshoeve.nl\/de\/monat-juni\/#breadcrumb","itemListElement":[{"@type":"ListItem","position":1,"name":"Home","item":"https:\/\/jellyshoeve.nl\/de\/"},{"@type":"ListItem","position":2,"name":"Monat Juni"}]},{"@type":"WebSite","@id":"https:\/\/jellyshoeve.nl\/#website","url":"https:\/\/jellyshoeve.nl\/","name":"Camping Jelly's Hoeve","description":"camping &amp; logementen voor volwassenen","publisher":{"@id":"https:\/\/jellyshoeve.nl\/#organization"},"potentialAction":[{"@type":"SearchAction","target":{"@type":"EntryPoint","urlTemplate":"https:\/\/jellyshoeve.nl\/?s={search_term_string}"},"query-input":{"@type":"PropertyValueSpecification","valueRequired":true,"valueName":"search_term_string"}}],"inLanguage":"de"},{"@type":"Organization","@id":"https:\/\/jellyshoeve.nl\/#organization","name":"Camping Jelly's Hoeve","url":"https:\/\/jellyshoeve.nl\/","logo":{"@type":"ImageObject","inLanguage":"de","@id":"https:\/\/jellyshoeve.nl\/#\/schema\/logo\/image\/","url":"https:\/\/jellyshoeve.nl\/wp-content\/uploads\/2023\/11\/logo.jpg","contentUrl":"https:\/\/jellyshoeve.nl\/wp-content\/uploads\/2023\/11\/logo.jpg","width":147,"height":104,"caption":"Camping Jelly's Hoeve"},"image":{"@id":"https:\/\/jellyshoeve.nl\/#\/schema\/logo\/image\/"},"sameAs":["https:\/\/www.facebook.com\/jellyshoeve\/"]}]}},"_links":{"self":[{"href":"https:\/\/jellyshoeve.nl\/de\/wp-json\/wp\/v2\/pages\/2355","targetHints":{"allow":["GET"]}}],"collection":[{"href":"https:\/\/jellyshoeve.nl\/de\/wp-json\/wp\/v2\/pages"}],"about":[{"href":"https:\/\/jellyshoeve.nl\/de\/wp-json\/wp\/v2\/types\/page"}],"author":[{"embeddable":true,"href":"https:\/\/jellyshoeve.nl\/de\/wp-json\/wp\/v2\/users\/1"}],"replies":[{"embeddable":true,"href":"https:\/\/jellyshoeve.nl\/de\/wp-json\/wp\/v2\/comments?post=2355"}],"version-history":[{"count":7,"href":"https:\/\/jellyshoeve.nl\/de\/wp-json\/wp\/v2\/pages\/2355\/revisions"}],"predecessor-version":[{"id":3285,"href":"https:\/\/jellyshoeve.nl\/de\/wp-json\/wp\/v2\/pages\/2355\/revisions\/3285"}],"wp:featuredmedia":[{"embeddable":true,"href":"https:\/\/jellyshoeve.nl\/de\/wp-json\/wp\/v2\/media\/2833"}],"wp:attachment":[{"href":"https:\/\/jellyshoeve.nl\/de\/wp-json\/wp\/v2\/media?parent=2355"}],"curies":[{"name":"wp","href":"https:\/\/api.w.org\/{rel}","templated":true}]}}