{"id":2293,"date":"2023-11-06T13:02:28","date_gmt":"2023-11-06T13:02:28","guid":{"rendered":"http:\/\/jellyshoeve.nl\/?page_id=2293"},"modified":"2025-12-20T07:21:18","modified_gmt":"2025-12-20T07:21:18","slug":"mietpreise","status":"publish","type":"page","link":"https:\/\/jellyshoeve.nl\/de\/mietpreise\/","title":{"rendered":"Mietpreise"},"content":{"rendered":"<style type=\"text\/css\">\n    .header-heights {\n        height: 45vh;\n    }\n    .header-heights.home {\n        height: 65vh;\n    }\n    @media (max-width: 767px) {\n        .header-heights {\n            height: ;\n        }\n        .header-heights.home {\n            height: ;\n        }\n    }\n<\/style><section class=\"header-img\">\n        <div class=\"img-inner header-heights\" style=\"background-image: url(https:\/\/jellyshoeve.nl\/wp-content\/uploads\/2023\/11\/vakantieappartement_huren_jellyshoeve5-1600x1067.jpg);\"><\/div><\/section>\n\n\n<div class=\"wp-block-columns is-layout-flex wp-container-core-columns-is-layout-9d6595d7 wp-block-columns-is-layout-flex\">\n<div class=\"wp-block-column is-layout-flow wp-block-column-is-layout-flow\" style=\"flex-basis:66.66%\">\n<h1 class=\"wp-block-heading\">Mietpreise 2026<\/h1>\n\n\n\n<h3 class=\"wp-block-heading\">Preise pro Nacht <\/h3>\n\n\n\n<figure class=\"wp-block-table\"><table class=\"has-fixed-layout\"><tbody><tr><td><strong>Zeitraum<\/strong><\/td><td class=\"has-text-align-center\" data-align=\"center\"><strong>1 Schlafzimmer<\/strong><\/td><td class=\"has-text-align-center\" data-align=\"center\"><strong>2 Schlafzimmer<\/strong><\/td><\/tr><tr><td>Hochsaison<\/td><td class=\"has-text-align-center\" data-align=\"center\">\u20ac 115<\/td><td class=\"has-text-align-center\" data-align=\"center\">\u20ac 130<\/td><\/tr><tr><td>Nebensaison<\/td><td class=\"has-text-align-center\" data-align=\"center\">10% Rabat<\/td><td class=\"has-text-align-center\" data-align=\"center\">10% Rabat<\/td><\/tr><\/tbody><\/table><\/figure>\n\n\n\n<h3 class=\"wp-block-heading\"><\/h3>\n\n\n\n\n\n<p>*Preis\u00e4nderungen vorbehalten<\/p>\n\n\n\n<p>Die oben genannten Mietpreise sind inklusive Energie, WLAN, Endreinigung, bezogenen Betten, Hand- und K\u00fcchent\u00fcchern, jedoch exklusive Kurtaxe (\u20ac 2,- p.P.P.N.) und Reservierungskosten (\u20ac 5,- ).<\/p>\n\n\n\n<p>Sie k\u00f6nnen an jedem beliebigen Tag an- oder abreisen. Der Mindestaufenthalt betr\u00e4gt zwei N\u00e4chte.<\/p>\n\n\n\n<p>Am Anreisetag sind Sie ab 15:00 Uhr in unseren Apartments willkommen und am Abreisetag m\u00fcssen Sie bis sp\u00e4testens 10:00 Uhr auschecken.<\/p>\n\n\n\n<p>Rauchen ist in den Wohnungen nicht gestattet!<\/p>\n\n\n\n<p>Hunde sind nach vorheriger Absprache und gegen eine einmalige Geb\u00fchr von \u20ac 30,- wilkommen.<\/p>\n\n\n\n<p>Bei Abreise am Samstag\/Sonntag rechnen wir \u20ac 25,- extra f\u00fcr die Endreinigung.<\/p>\n<\/div>\n\n\n\n<div class=\"wp-block-column is-layout-flow wp-block-column-is-layout-flow\" style=\"flex-basis:33.33%\">\n<div class=\"wp-block-columns is-style-gradientgroen is-layout-flex wp-container-core-columns-is-layout-9d6595d7 wp-block-columns-is-layout-flex\">\n<div class=\"wp-block-column is-layout-flow wp-block-column-is-layout-flow\">\n<h2 class=\"wp-block-heading\">Darum Jelly\u2019s Hoeve<\/h2>\n\n\n\n<ul class=\"wp-block-list\">\n<li>Zwischen 3 Nationalparks<\/li>\n\n\n\n<li>Charaktervoll und gr\u00fcn<\/li>\n\n\n\n<li>Auf Gehweite von Havelte&nbsp;<\/li>\n\n\n\n<li>Nur f\u00fcr Erwachsene<\/li>\n<\/ul>\n<\/div>\n<\/div>\n<\/div>\n<\/div>\n","protected":false},"excerpt":{"rendered":"<p>Mietpreise 2026 Preise pro Nacht Zeitraum 1 Schlafzimmer 2 Schlafzimmer Hochsaison \u20ac 115 \u20ac 130 Nebensaison 10% Rabat 10% Rabat *Preis\u00e4nderungen vorbehalten Die oben genannten Mietpreise sind inklusive Energie, WLAN, Endreinigung, bezogenen Betten, Hand- und K\u00fcchent\u00fcchern, jedoch exklusive Kurtaxe (\u20ac 2,- p.P.P.N.) und Reservierungskosten (\u20ac 5,- ). Sie k\u00f6nnen an jedem beliebigen Tag an- oder [&hellip;]<\/p>\n","protected":false},"author":1,"featured_media":1785,"parent":0,"menu_order":0,"comment_status":"closed","ping_status":"closed","template":"","meta":{"footnotes":""},"class_list":["post-2293","page","type-page","status-publish","has-post-thumbnail","hentry"],"acf":[],"yoast_head":"<!-- This site is optimized with the Yoast SEO plugin v27.4 - https:\/\/yoast.com\/product\/yoast-seo-wordpress\/ -->\n<title>| Jelly&#039;s Hoeve<\/title>\n<meta name=\"robots\" content=\"index, follow, max-snippet:-1, max-image-preview:large, max-video-preview:-1\" \/>\n<link rel=\"canonical\" href=\"https:\/\/jellyshoeve.nl\/de\/mietpreise\/\" \/>\n<meta property=\"og:locale\" content=\"de_DE\" \/>\n<meta property=\"og:type\" content=\"article\" \/>\n<meta property=\"og:title\" content=\"| Jelly&#039;s Hoeve\" \/>\n<meta property=\"og:description\" content=\"Mietpreise 2026 Preise pro Nacht Zeitraum 1 Schlafzimmer 2 Schlafzimmer Hochsaison \u20ac 115 \u20ac 130 Nebensaison 10% Rabat 10% Rabat *Preis\u00e4nderungen vorbehalten Die oben genannten Mietpreise sind inklusive Energie, WLAN, Endreinigung, bezogenen Betten, Hand- und K\u00fcchent\u00fcchern, jedoch exklusive Kurtaxe (\u20ac 2,- p.P.P.N.) und Reservierungskosten (\u20ac 5,- ). Sie k\u00f6nnen an jedem beliebigen Tag an- oder [&hellip;]\" \/>\n<meta property=\"og:url\" content=\"https:\/\/jellyshoeve.nl\/de\/mietpreise\/\" \/>\n<meta property=\"og:site_name\" content=\"Jelly&#039;s Hoeve\" \/>\n<meta property=\"article:publisher\" content=\"https:\/\/www.facebook.com\/jellyshoeve\/\" \/>\n<meta property=\"article:modified_time\" content=\"2025-12-20T07:21:18+00:00\" \/>\n<meta property=\"og:image\" content=\"http:\/\/jellyshoeve.nl\/wp-content\/uploads\/2023\/11\/vakantieappartement_huren_jellyshoeve5.jpg\" \/>\n\t<meta property=\"og:image:width\" content=\"2500\" \/>\n\t<meta property=\"og:image:height\" content=\"1667\" \/>\n\t<meta property=\"og:image:type\" content=\"image\/jpeg\" \/>\n<meta name=\"twitter:card\" content=\"summary_large_image\" \/>\n<meta name=\"twitter:label1\" content=\"Gesch\u00e4tzte Lesezeit\" \/>\n\t<meta name=\"twitter:data1\" content=\"2\u00a0Minuten\" \/>\n<script type=\"application\/ld+json\" class=\"yoast-schema-graph\">{\"@context\":\"https:\\\/\\\/schema.org\",\"@graph\":[{\"@type\":\"WebPage\",\"@id\":\"https:\\\/\\\/jellyshoeve.nl\\\/de\\\/mietpreise\\\/\",\"url\":\"https:\\\/\\\/jellyshoeve.nl\\\/de\\\/mietpreise\\\/\",\"name\":\"| Jelly&#039;s Hoeve\",\"isPartOf\":{\"@id\":\"https:\\\/\\\/jellyshoeve.nl\\\/#website\"},\"primaryImageOfPage\":{\"@id\":\"https:\\\/\\\/jellyshoeve.nl\\\/de\\\/mietpreise\\\/#primaryimage\"},\"image\":{\"@id\":\"https:\\\/\\\/jellyshoeve.nl\\\/de\\\/mietpreise\\\/#primaryimage\"},\"thumbnailUrl\":\"https:\\\/\\\/jellyshoeve.nl\\\/wp-content\\\/uploads\\\/2023\\\/11\\\/vakantieappartement_huren_jellyshoeve5.jpg\",\"datePublished\":\"2023-11-06T13:02:28+00:00\",\"dateModified\":\"2025-12-20T07:21:18+00:00\",\"breadcrumb\":{\"@id\":\"https:\\\/\\\/jellyshoeve.nl\\\/de\\\/mietpreise\\\/#breadcrumb\"},\"inLanguage\":\"de\",\"potentialAction\":[{\"@type\":\"ReadAction\",\"target\":[\"https:\\\/\\\/jellyshoeve.nl\\\/de\\\/mietpreise\\\/\"]}]},{\"@type\":\"ImageObject\",\"inLanguage\":\"de\",\"@id\":\"https:\\\/\\\/jellyshoeve.nl\\\/de\\\/mietpreise\\\/#primaryimage\",\"url\":\"https:\\\/\\\/jellyshoeve.nl\\\/wp-content\\\/uploads\\\/2023\\\/11\\\/vakantieappartement_huren_jellyshoeve5.jpg\",\"contentUrl\":\"https:\\\/\\\/jellyshoeve.nl\\\/wp-content\\\/uploads\\\/2023\\\/11\\\/vakantieappartement_huren_jellyshoeve5.jpg\",\"width\":2500,\"height\":1667,\"caption\":\"Jelly's Hoeve\"},{\"@type\":\"BreadcrumbList\",\"@id\":\"https:\\\/\\\/jellyshoeve.nl\\\/de\\\/mietpreise\\\/#breadcrumb\",\"itemListElement\":[{\"@type\":\"ListItem\",\"position\":1,\"name\":\"Home\",\"item\":\"https:\\\/\\\/jellyshoeve.nl\\\/de\\\/\"},{\"@type\":\"ListItem\",\"position\":2,\"name\":\"Mietpreise\"}]},{\"@type\":\"WebSite\",\"@id\":\"https:\\\/\\\/jellyshoeve.nl\\\/#website\",\"url\":\"https:\\\/\\\/jellyshoeve.nl\\\/\",\"name\":\"Camping Jelly's Hoeve\",\"description\":\"camping &amp; logementen voor volwassenen\",\"publisher\":{\"@id\":\"https:\\\/\\\/jellyshoeve.nl\\\/#organization\"},\"potentialAction\":[{\"@type\":\"SearchAction\",\"target\":{\"@type\":\"EntryPoint\",\"urlTemplate\":\"https:\\\/\\\/jellyshoeve.nl\\\/?s={search_term_string}\"},\"query-input\":{\"@type\":\"PropertyValueSpecification\",\"valueRequired\":true,\"valueName\":\"search_term_string\"}}],\"inLanguage\":\"de\"},{\"@type\":\"Organization\",\"@id\":\"https:\\\/\\\/jellyshoeve.nl\\\/#organization\",\"name\":\"Camping Jelly's Hoeve\",\"url\":\"https:\\\/\\\/jellyshoeve.nl\\\/\",\"logo\":{\"@type\":\"ImageObject\",\"inLanguage\":\"de\",\"@id\":\"https:\\\/\\\/jellyshoeve.nl\\\/#\\\/schema\\\/logo\\\/image\\\/\",\"url\":\"https:\\\/\\\/jellyshoeve.nl\\\/wp-content\\\/uploads\\\/2023\\\/11\\\/logo.jpg\",\"contentUrl\":\"https:\\\/\\\/jellyshoeve.nl\\\/wp-content\\\/uploads\\\/2023\\\/11\\\/logo.jpg\",\"width\":147,\"height\":104,\"caption\":\"Camping Jelly's Hoeve\"},\"image\":{\"@id\":\"https:\\\/\\\/jellyshoeve.nl\\\/#\\\/schema\\\/logo\\\/image\\\/\"},\"sameAs\":[\"https:\\\/\\\/www.facebook.com\\\/jellyshoeve\\\/\"]}]}<\/script>\n<!-- \/ Yoast SEO plugin. -->","yoast_head_json":{"title":"| Jelly&#039;s Hoeve","robots":{"index":"index","follow":"follow","max-snippet":"max-snippet:-1","max-image-preview":"max-image-preview:large","max-video-preview":"max-video-preview:-1"},"canonical":"https:\/\/jellyshoeve.nl\/de\/mietpreise\/","og_locale":"de_DE","og_type":"article","og_title":"| Jelly&#039;s Hoeve","og_description":"Mietpreise 2026 Preise pro Nacht Zeitraum 1 Schlafzimmer 2 Schlafzimmer Hochsaison \u20ac 115 \u20ac 130 Nebensaison 10% Rabat 10% Rabat *Preis\u00e4nderungen vorbehalten Die oben genannten Mietpreise sind inklusive Energie, WLAN, Endreinigung, bezogenen Betten, Hand- und K\u00fcchent\u00fcchern, jedoch exklusive Kurtaxe (\u20ac 2,- p.P.P.N.) und Reservierungskosten (\u20ac 5,- ). Sie k\u00f6nnen an jedem beliebigen Tag an- oder [&hellip;]","og_url":"https:\/\/jellyshoeve.nl\/de\/mietpreise\/","og_site_name":"Jelly&#039;s Hoeve","article_publisher":"https:\/\/www.facebook.com\/jellyshoeve\/","article_modified_time":"2025-12-20T07:21:18+00:00","og_image":[{"width":2500,"height":1667,"url":"http:\/\/jellyshoeve.nl\/wp-content\/uploads\/2023\/11\/vakantieappartement_huren_jellyshoeve5.jpg","type":"image\/jpeg"}],"twitter_card":"summary_large_image","twitter_misc":{"Gesch\u00e4tzte Lesezeit":"2\u00a0Minuten"},"schema":{"@context":"https:\/\/schema.org","@graph":[{"@type":"WebPage","@id":"https:\/\/jellyshoeve.nl\/de\/mietpreise\/","url":"https:\/\/jellyshoeve.nl\/de\/mietpreise\/","name":"| Jelly&#039;s Hoeve","isPartOf":{"@id":"https:\/\/jellyshoeve.nl\/#website"},"primaryImageOfPage":{"@id":"https:\/\/jellyshoeve.nl\/de\/mietpreise\/#primaryimage"},"image":{"@id":"https:\/\/jellyshoeve.nl\/de\/mietpreise\/#primaryimage"},"thumbnailUrl":"https:\/\/jellyshoeve.nl\/wp-content\/uploads\/2023\/11\/vakantieappartement_huren_jellyshoeve5.jpg","datePublished":"2023-11-06T13:02:28+00:00","dateModified":"2025-12-20T07:21:18+00:00","breadcrumb":{"@id":"https:\/\/jellyshoeve.nl\/de\/mietpreise\/#breadcrumb"},"inLanguage":"de","potentialAction":[{"@type":"ReadAction","target":["https:\/\/jellyshoeve.nl\/de\/mietpreise\/"]}]},{"@type":"ImageObject","inLanguage":"de","@id":"https:\/\/jellyshoeve.nl\/de\/mietpreise\/#primaryimage","url":"https:\/\/jellyshoeve.nl\/wp-content\/uploads\/2023\/11\/vakantieappartement_huren_jellyshoeve5.jpg","contentUrl":"https:\/\/jellyshoeve.nl\/wp-content\/uploads\/2023\/11\/vakantieappartement_huren_jellyshoeve5.jpg","width":2500,"height":1667,"caption":"Jelly's Hoeve"},{"@type":"BreadcrumbList","@id":"https:\/\/jellyshoeve.nl\/de\/mietpreise\/#breadcrumb","itemListElement":[{"@type":"ListItem","position":1,"name":"Home","item":"https:\/\/jellyshoeve.nl\/de\/"},{"@type":"ListItem","position":2,"name":"Mietpreise"}]},{"@type":"WebSite","@id":"https:\/\/jellyshoeve.nl\/#website","url":"https:\/\/jellyshoeve.nl\/","name":"Camping Jelly's Hoeve","description":"camping &amp; logementen voor volwassenen","publisher":{"@id":"https:\/\/jellyshoeve.nl\/#organization"},"potentialAction":[{"@type":"SearchAction","target":{"@type":"EntryPoint","urlTemplate":"https:\/\/jellyshoeve.nl\/?s={search_term_string}"},"query-input":{"@type":"PropertyValueSpecification","valueRequired":true,"valueName":"search_term_string"}}],"inLanguage":"de"},{"@type":"Organization","@id":"https:\/\/jellyshoeve.nl\/#organization","name":"Camping Jelly's Hoeve","url":"https:\/\/jellyshoeve.nl\/","logo":{"@type":"ImageObject","inLanguage":"de","@id":"https:\/\/jellyshoeve.nl\/#\/schema\/logo\/image\/","url":"https:\/\/jellyshoeve.nl\/wp-content\/uploads\/2023\/11\/logo.jpg","contentUrl":"https:\/\/jellyshoeve.nl\/wp-content\/uploads\/2023\/11\/logo.jpg","width":147,"height":104,"caption":"Camping Jelly's Hoeve"},"image":{"@id":"https:\/\/jellyshoeve.nl\/#\/schema\/logo\/image\/"},"sameAs":["https:\/\/www.facebook.com\/jellyshoeve\/"]}]}},"_links":{"self":[{"href":"https:\/\/jellyshoeve.nl\/de\/wp-json\/wp\/v2\/pages\/2293","targetHints":{"allow":["GET"]}}],"collection":[{"href":"https:\/\/jellyshoeve.nl\/de\/wp-json\/wp\/v2\/pages"}],"about":[{"href":"https:\/\/jellyshoeve.nl\/de\/wp-json\/wp\/v2\/types\/page"}],"author":[{"embeddable":true,"href":"https:\/\/jellyshoeve.nl\/de\/wp-json\/wp\/v2\/users\/1"}],"replies":[{"embeddable":true,"href":"https:\/\/jellyshoeve.nl\/de\/wp-json\/wp\/v2\/comments?post=2293"}],"version-history":[{"count":7,"href":"https:\/\/jellyshoeve.nl\/de\/wp-json\/wp\/v2\/pages\/2293\/revisions"}],"predecessor-version":[{"id":3343,"href":"https:\/\/jellyshoeve.nl\/de\/wp-json\/wp\/v2\/pages\/2293\/revisions\/3343"}],"wp:featuredmedia":[{"embeddable":true,"href":"https:\/\/jellyshoeve.nl\/de\/wp-json\/wp\/v2\/media\/1785"}],"wp:attachment":[{"href":"https:\/\/jellyshoeve.nl\/de\/wp-json\/wp\/v2\/media?parent=2293"}],"curies":[{"name":"wp","href":"https:\/\/api.w.org\/{rel}","templated":true}]}}