{"id":2161,"date":"2023-10-25T13:41:56","date_gmt":"2023-10-25T13:41:56","guid":{"rendered":"http:\/\/jellyshoeve.nl\/?page_id=2161"},"modified":"2026-01-17T09:59:51","modified_gmt":"2026-01-17T09:59:51","slug":"home","status":"publish","type":"page","link":"https:\/\/jellyshoeve.nl\/de\/","title":{"rendered":"Home"},"content":{"rendered":"<style type=\"text\/css\">\n    .header-heights {\n        height: 45vh;\n    }\n    .header-heights.home {\n        height: 65vh;\n    }\n    @media (max-width: 767px) {\n        .header-heights {\n            height: ;\n        }\n        .header-heights.home {\n            height: ;\n        }\n    }\n<\/style><section class=\"header-img\">\n        <div class=\"img-inner header-heights\" style=\"background-image: url(https:\/\/jellyshoeve.nl\/wp-content\/uploads\/2023\/10\/header-1600x610.jpg);\"><div class=\"header_txt\">\n                <h3>Camping und Unterkunft f\u00fcr<\/h3>\n                <h2>Erwachsene!<\/h2><\/div><\/div><\/section>\n\n\n<div class=\"wp-block-columns is-layout-flex wp-container-core-columns-is-layout-9d6595d7 wp-block-columns-is-layout-flex\">\n<div class=\"wp-block-column is-layout-flow wp-block-column-is-layout-flow\" style=\"flex-basis:66.66%\">\n<h1 class=\"wp-block-heading\">Urlaub auf einem kinderfreien Camping in Drenthe?<\/h1>\n\n\n\n<p>Herzlich willkommen bei Jelly\u2019s Hoeve! Auf unserem\u00a0<strong>kinderfreien Campingplatz<\/strong>\u00a0in Havelte, in der Provinz Drenthe, dreht sich alles um Ruhe, Natur und Gastfreundschaft.<\/p>\n\n\n\n<p>Hier stimmt einfach alles f\u00fcr einen ruhigen und erholsamen Urlaub: Der Campingplatz ist am Waldrand gelegen, in der unmittelbaren\u00a0<a href=\"http:\/\/jellyshoeve.nl\/de\/die-umgebung\/\">Umgebung<\/a>\u00a0befinden sich 3 Nationalparks und in nur wenigen Minuten erreichen Sie fu\u03b2l\u00e4ufig das Dorf Havelte mit Restaurants und einem Supermarkt. Ausgezeichnetes Sanit\u00e4r und W-LAN. \u00dcberzeugen Sie sich selbst und verbringen Sie einen unvergesslichen Urlaub auf unserem\u00a0<strong>kinderfreien Campingplatz<\/strong>!<\/p>\n\n\n<span id=\"more-2161\"><\/span>\n\n\n<h2 class=\"wp-block-heading\">Campingplatz f\u00fcr Erwachsene in Drenthe<\/h2>\n\n\n\n<p>Die 42 Stellpl\u00e4tze sind \u00fcber mehrere kleine Campingwiesen verteilt. Alle Stellpl\u00e4tze sind von viel Gr\u00fcn umgeben und durch Hecken voneinander getrennt, so dass Ihre Privatsph\u00e4re optimal garantiert ist. Nat\u00fcrlich sind alle gew\u00fcnschten Einrichtungen wie Strom, Wasser, komplette sanit\u00e4re Anlagen, ausgezeichnetes W-LAN und diverse Service-Einrichtungen f\u00fcr Radsport-Fans anwesend. Lesen Sie mehr \u00fcber die&nbsp;<a href=\"http:\/\/jellyshoeve.nl\/de\/accommodaties\/camping\/\">Stellpl\u00e4tze<\/a>&nbsp;und \u00fcber unsere attraktiven&nbsp;<a href=\"http:\/\/jellyshoeve.nl\/de\/angebote\/\">Pauschalangebote<\/a>.<\/p>\n\n\n\n<h3 class=\"wp-block-heading\">Komfortable Ferienwohnungen<\/h3>\n\n\n\n<p>Die&nbsp;<a href=\"http:\/\/jellyshoeve.nl\/de\/accommodaties\/ferienwohnung\/\">Ferienwohnungen<\/a>&nbsp;im Bauernhaus sind eine ideale Unterkunft f\u00fcr einen erholsamen Urlaub in Drenthe. Die Wohnungen sind f\u00fcr bis zu 4 Personen geeignet und komplett ausgestattet.&nbsp;Die Ferienwohnungen liegen am Rande des Campingplatzes und verf\u00fcgen alle \u00fcber eine eigene Terrasse. Genie\u00dfen Sie die Ruhe und den Komfort und lassen Sie sich von unserer Gastfreundschaft verw\u00f6hnen!<\/p>\n\n\n\n<h3 class=\"wp-block-heading\">Erleben Sie das echte Urlaubsgef\u00fchl auf unserem kinderfreien Campingplatz<\/h3>\n\n\n\n<p>Havelte befindet sich in der &#8222;Perle von Drenthe&#8220;, einer einzigartigen Landschaft, umgeben von sage und schreibe 3 Nationalparks: dem Drents Friese Wold, dem Dwingelderveld und den Weerribben. Dar\u00fcber hinaus grenzt der Campingplatz auch an das Naturgebied Holtingerveld. Erleben Sie diese sch\u00f6ne Natur in vollen Z\u00fcgen bei einem Spaziergang, einer z\u00fcnftigen&nbsp;<a href=\"http:\/\/jellyshoeve.nl\/de\/omgeving\/radfahren-und-wandern\/\">Wanderung oder einer Fahrradtour<\/a>. Bewundern Sie auch die m\u00e4chtigen H\u00fcnengr\u00e4ber am Rande des Havelter Moores.<\/p>\n\n\n\n<p>Ein Besuch in den St\u00e4dchen Meppel oder Steenwijk und in den malerischen Angerd\u00f6rfern in Drenthe lohnt sich ebenfalls sehr. So k\u00f6nnen sie w\u00e4hrend Ihres Urlaubes auf unserem Campingplatz viele unvergessliche&nbsp;<a href=\"http:\/\/jellyshoeve.nl\/de\/die-umgebung\/\">Ausfl\u00fcge<\/a>&nbsp;machen und dazu in einem der Restaurants in Havelte kulinarische Gen\u00fcsse entdecken. Alles ist vom Campingplatz aus Fu\u00dfl\u00e4ufig oder mit dem Rad erreichbar. Kurzum &#8211; hier erleben Sie das echte Urlaubsgef\u00fchl!<\/p>\n\n\n<span class=\"more-end\"><\/span><\/div>\n\n\n\n<div class=\"wp-block-column is-layout-flow wp-block-column-is-layout-flow\" style=\"flex-basis:33.33%\">\n<div class=\"wp-block-columns is-style-gradientgroen is-layout-flex wp-container-core-columns-is-layout-9d6595d7 wp-block-columns-is-layout-flex\">\n<div class=\"wp-block-column is-layout-flow wp-block-column-is-layout-flow\">\n<h2 class=\"wp-block-heading\">Darum Jelly\u2019s Hoeve<\/h2>\n\n\n\n<ul class=\"wp-block-list\">\n<li>Zwischen 3 Nationalparks<\/li>\n\n\n\n<li>Charaktervoll und gr\u00fcn<\/li>\n\n\n\n<li>Auf Gehweite von Havelte&nbsp;<\/li>\n\n\n\n<li>Nur f\u00fcr Erwachsene<\/li>\n<\/ul>\n<\/div>\n<\/div>\n<\/div>\n<\/div>\n\n\n\n<!-- Apply the height values and possibly the background image to the block -->\n<style type=\"text\/css\">\n    .tz-spacer {\n\n        background-image: url('https:\/\/jellyshoeve.nl\/wp-content\/themes\/tz-template\/img\/scheidingslijn.png');    }\n\n<\/style>\n\n<!-- The HTML structure of your spacer block -->\n<div class=\"tz-spacer\"><\/div>\n\n\n    <div class=\"arrangementen-slider\">\n        <button class=\"slidebutton prev\" disabled><\/button>\n        <button class=\"slidebutton next\"><\/button>\n        <div class=\"tz-arrangementen\">\n            <div class=\"row\">\n                                    <div class=\"tz-arrangementen-item col3 disabled\">\n                        <a class=\"tz-arrangementen-link\" href=\"https:\/\/jellyshoeve.nl\/de\/ostern\/\">\n                            <img decoding=\"async\" src=\"https:\/\/jellyshoeve.nl\/wp-content\/uploads\/2023\/11\/faciliteiten_camping_jellyshoeve6-600x400.jpg\" alt=\"\" \/>\n                            <div class=\"arra-txt\">\n                                <p class=\"tz-arrangementen-price\">\n                                    Preis \u20ac 92,-                                <\/p>\n                                <h3 class=\"tz-arrangementen-title\">\n                                    Ostern                                <\/h3>\n                            <\/div>\n                        <\/a>\n                    <\/div>\n                                    <div class=\"tz-arrangementen-item col3\">\n                        <a class=\"tz-arrangementen-link\" href=\"https:\/\/jellyshoeve.nl\/de\/monat-mai\/\">\n                            <img decoding=\"async\" src=\"https:\/\/jellyshoeve.nl\/wp-content\/uploads\/2023\/11\/kampeerplaats_drenthe_jellyshoeve16-600x400.jpg\" alt=\"\" \/>\n                            <div class=\"arra-txt\">\n                                <p class=\"tz-arrangementen-price\">\n                                    Preis \u20ac 575,-                                <\/p>\n                                <h3 class=\"tz-arrangementen-title\">\n                                    Monat Mai                                 <\/h3>\n                            <\/div>\n                        <\/a>\n                    <\/div>\n                                    <div class=\"tz-arrangementen-item col3\">\n                        <a class=\"tz-arrangementen-link\" href=\"https:\/\/jellyshoeve.nl\/de\/christi-himmelfahrt\/\">\n                            <img decoding=\"async\" src=\"https:\/\/jellyshoeve.nl\/wp-content\/uploads\/2023\/11\/kampeerplaats_drenthe_jellyshoeve15-600x400.jpg\" alt=\"\" \/>\n                            <div class=\"arra-txt\">\n                                <p class=\"tz-arrangementen-price\">\n                                    Preis \u20ac 147,-                                <\/p>\n                                <h3 class=\"tz-arrangementen-title\">\n                                    Christi Himmelfahrt                                <\/h3>\n                            <\/div>\n                        <\/a>\n                    <\/div>\n                                    <div class=\"tz-arrangementen-item col3\">\n                        <a class=\"tz-arrangementen-link\" href=\"https:\/\/jellyshoeve.nl\/de\/pfingsten\/\">\n                            <img decoding=\"async\" src=\"https:\/\/jellyshoeve.nl\/wp-content\/uploads\/2023\/11\/excursie_natuurgebied_drenthe_jellyshoeve1-600x400.jpg\" alt=\"\" \/>\n                            <div class=\"arra-txt\">\n                                <p class=\"tz-arrangementen-price\">\n                                    Preis \u20ac 123,-                                 <\/p>\n                                <h3 class=\"tz-arrangementen-title\">\n                                    Pfingsten                                 <\/h3>\n                            <\/div>\n                        <\/a>\n                    <\/div>\n                                    <div class=\"tz-arrangementen-item col3\">\n                        <a class=\"tz-arrangementen-link\" href=\"https:\/\/jellyshoeve.nl\/de\/christi-himmelfahrt-und-pfingsten\/\">\n                            <img decoding=\"async\" src=\"https:\/\/jellyshoeve.nl\/wp-content\/uploads\/2023\/11\/camperplaats_drenthe_jellyshoeve5-600x400.jpg\" alt=\"\" \/>\n                            <div class=\"arra-txt\">\n                                <p class=\"tz-arrangementen-price\">\n                                    Preis \u20ac 317,-                                <\/p>\n                                <h3 class=\"tz-arrangementen-title\">\n                                    Christi Himmelfahrt und pfingsten                                 <\/h3>\n                            <\/div>\n                        <\/a>\n                    <\/div>\n                                    <div class=\"tz-arrangementen-item col3\">\n                        <a class=\"tz-arrangementen-link\" href=\"https:\/\/jellyshoeve.nl\/de\/monat-juni\/\">\n                            <img decoding=\"async\" src=\"https:\/\/jellyshoeve.nl\/wp-content\/uploads\/2023\/11\/kampeerplaats_drenthe_jellyshoeve1-600x270.jpg\" alt=\"\" \/>\n                            <div class=\"arra-txt\">\n                                <p class=\"tz-arrangementen-price\">\n                                    Preis \u20ac 595,-                                <\/p>\n                                <h3 class=\"tz-arrangementen-title\">\n                                    Monat Juni                                <\/h3>\n                            <\/div>\n                        <\/a>\n                    <\/div>\n                                    <div class=\"tz-arrangementen-item col3\">\n                        <a class=\"tz-arrangementen-link\" href=\"https:\/\/jellyshoeve.nl\/de\/september\/\">\n                            <img decoding=\"async\" src=\"https:\/\/jellyshoeve.nl\/wp-content\/uploads\/2023\/11\/kleine_camping_jellyshoeve12-600x402.jpg\" alt=\"\" \/>\n                            <div class=\"arra-txt\">\n                                <p class=\"tz-arrangementen-price\">\n                                    Preis \u20ac 500,-                                <\/p>\n                                <h3 class=\"tz-arrangementen-title\">\n                                    Monat September                                <\/h3>\n                            <\/div>\n                        <\/a>\n                    <\/div>\n                            <\/div>\n        <\/div>\n    <\/div>\n\n\n<!-- jQuery script -->\n<script>\njQuery(document).ready(function($) {\n    console.log('Document ready function triggered.');\n    console.log('initializeTzSlider' in window); \/\/ Should log true if the function is defined\n\n    \/\/ Check if initializeTzSlider function is available\n    if (typeof initializeTzSlider === \"function\") {\n        console.log('initializeTzSlider function is available.');\n\n        \/\/ Call the initializeTzSlider function with the appropriate selectors for the arrangementen slider\n        initializeTzSlider(\n            '.arrangementen-slider', \/\/ Slider container selector for arrangementen\n            '.tz-arrangementen-item', \/\/ Slider item selector for arrangementen\n            '.slidebutton.prev', \/\/ Previous button selector\n            '.slidebutton.next', \/\/ Next button selector\n            {\n                991: 4, \/\/ 4 items visible at 991px and up\n                650: 2, \/\/ 2 items visible between 650px and 991px\n                \/\/ Default to 1 item visible if width is less than 650px\n            }\n        );\n    } else {\n        console.error('initializeTzSlider function is not defined for arrangementen slider.');\n    }\n});\n<\/script>\n\n\n<!-- Subfooter Section -->\n<section class=\"subfooter subfooter-full-width\">\n    <div class=\"container\">\n        <div class=\"row\">\n                        <div class=\"webapp-group col-blocks-3\">\n                <h2>Sehen Sie sich die App an<\/h2>\n                <p>Alle Informationen zum Campingplatz, zur Ausstattung und Ausflugstipps finden Sie in unserer WebApp.<\/p>\n                <a target=\"_blank\" href=\"https:\/\/info.jellyshoeve.nl\/de\/\" class=\"btn\">\u00d6ffnen Sie die App<\/a>\n            <\/div>\n\n            <!-- Newsletter Group -->\n                        <div class=\"newsletter-group col-blocks-3\">\n                <h2><\/h2>\n                <p><\/p>\n                <div class=\"newsletter-signup\">\n                                    <\/div>\n            <\/div>\n\n            <!-- Tour Group -->\n                        <div class=\"tour-group col-blocks-3\">\n                <h2>Vogelperspektive<\/h2>\n                <p>Sehen Sie sich unser Video an und entdecken Sie Camping Jelly&#039;s Hoeve in einer Minute.<\/p>\n                <a href=\"https:\/\/jellyshoeve.nl\/de\/videoeindruck\/\" class=\"btn\">schau das Video<\/a>\n            <\/div>\n\n        <\/div>\n    <\/div>\n<\/section>\n\n\n<style type=\"text\/css\">\n    .omgeving-height {\n        height: 50vh;\n    }\n    @media (max-width: 767px) {\n        .omgeving-height {\n            height: ;\n        }\n    }\n<\/style><section class=\"omgeving omgeving-full-width\">\n        <div class=\"omgeving-inner omgeving-height\" style=\"background-image: url(https:\/\/jellyshoeve.nl\/wp-content\/uploads\/2023\/10\/eindfoto-1600x1066.jpg);\"><div class=\"omgeving-text\">\n                <div class=\"text\"><h4>Genie\u00dfen Sie die<\/h4>\n<h4>wundersch\u00f6ne Natur!<\/h4>\n<\/div><\/div><\/div><\/section>\n\n<div class=\"overzicht-archive row tz-blocks\"><\/div>","protected":false},"excerpt":{"rendered":"<p>Urlaub auf einem kinderfreien Camping in Drenthe? Herzlich willkommen bei Jelly\u2019s Hoeve! Auf unserem\u00a0kinderfreien Campingplatz\u00a0in Havelte, in der Provinz Drenthe, dreht sich alles um Ruhe, Natur und Gastfreundschaft. Hier stimmt einfach alles f\u00fcr einen ruhigen und erholsamen Urlaub: Der Campingplatz ist am Waldrand gelegen, in der unmittelbaren\u00a0Umgebung\u00a0befinden sich 3 Nationalparks und in nur wenigen Minuten [&hellip;]<\/p>\n","protected":false},"author":1,"featured_media":2833,"parent":0,"menu_order":0,"comment_status":"closed","ping_status":"closed","template":"","meta":{"footnotes":""},"class_list":["post-2161","page","type-page","status-publish","has-post-thumbnail","hentry"],"acf":[],"yoast_head":"<!-- This site is optimized with the Yoast SEO plugin v27.4 - https:\/\/yoast.com\/product\/yoast-seo-wordpress\/ -->\n<title>Kinderfreie Campingplatz Drenthe | Jelly\u2019s Hoeve<\/title>\n<meta name=\"description\" content=\"Urlaub auf einem kinderfreien Camping in Drenthe? Herzlich willkommen bei Jelly\u2019s Hoeve, Campingplatz f\u00fcr Erwachsene in Holland! Erfahren Sie mehr.\" \/>\n<meta name=\"robots\" content=\"index, follow, max-snippet:-1, max-image-preview:large, max-video-preview:-1\" \/>\n<link rel=\"canonical\" href=\"https:\/\/jellyshoeve.nl\/de\/\" \/>\n<meta property=\"og:locale\" content=\"de_DE\" \/>\n<meta property=\"og:type\" content=\"article\" \/>\n<meta property=\"og:title\" content=\"Kinderfreie Campingplatz Drenthe | Jelly\u2019s Hoeve\" \/>\n<meta property=\"og:description\" content=\"Urlaub auf einem kinderfreien Camping in Drenthe? Herzlich willkommen bei Jelly\u2019s Hoeve, Campingplatz f\u00fcr Erwachsene in Holland! Erfahren Sie mehr.\" \/>\n<meta property=\"og:url\" content=\"https:\/\/jellyshoeve.nl\/de\/\" \/>\n<meta property=\"og:site_name\" content=\"Jelly&#039;s Hoeve\" \/>\n<meta property=\"article:publisher\" content=\"https:\/\/www.facebook.com\/jellyshoeve\/\" \/>\n<meta property=\"article:modified_time\" content=\"2026-01-17T09:59:51+00:00\" \/>\n<meta property=\"og:image\" content=\"https:\/\/jellyshoeve.nl\/wp-content\/uploads\/2023\/12\/5.kampeerplaats_drenthe_jellyshoeve17.jpg\" \/>\n\t<meta property=\"og:image:width\" content=\"2016\" \/>\n\t<meta property=\"og:image:height\" content=\"908\" \/>\n\t<meta property=\"og:image:type\" content=\"image\/jpeg\" \/>\n<meta name=\"twitter:card\" content=\"summary_large_image\" \/>\n<meta name=\"twitter:label1\" content=\"Gesch\u00e4tzte Lesezeit\" \/>\n\t<meta name=\"twitter:data1\" content=\"4\u00a0Minuten\" \/>\n<script type=\"application\/ld+json\" class=\"yoast-schema-graph\">{\"@context\":\"https:\\\/\\\/schema.org\",\"@graph\":[{\"@type\":\"WebPage\",\"@id\":\"https:\\\/\\\/jellyshoeve.nl\\\/de\\\/\",\"url\":\"https:\\\/\\\/jellyshoeve.nl\\\/de\\\/\",\"name\":\"Kinderfreie Campingplatz Drenthe | Jelly\u2019s Hoeve\",\"isPartOf\":{\"@id\":\"https:\\\/\\\/jellyshoeve.nl\\\/#website\"},\"primaryImageOfPage\":{\"@id\":\"https:\\\/\\\/jellyshoeve.nl\\\/de\\\/#primaryimage\"},\"image\":{\"@id\":\"https:\\\/\\\/jellyshoeve.nl\\\/de\\\/#primaryimage\"},\"thumbnailUrl\":\"https:\\\/\\\/jellyshoeve.nl\\\/wp-content\\\/uploads\\\/2023\\\/12\\\/5.kampeerplaats_drenthe_jellyshoeve17.jpg\",\"datePublished\":\"2023-10-25T13:41:56+00:00\",\"dateModified\":\"2026-01-17T09:59:51+00:00\",\"description\":\"Urlaub auf einem kinderfreien Camping in Drenthe? Herzlich willkommen bei Jelly\u2019s Hoeve, Campingplatz f\u00fcr Erwachsene in Holland! Erfahren Sie mehr.\",\"breadcrumb\":{\"@id\":\"https:\\\/\\\/jellyshoeve.nl\\\/de\\\/#breadcrumb\"},\"inLanguage\":\"de\",\"potentialAction\":[{\"@type\":\"ReadAction\",\"target\":[\"https:\\\/\\\/jellyshoeve.nl\\\/de\\\/\"]}]},{\"@type\":\"ImageObject\",\"inLanguage\":\"de\",\"@id\":\"https:\\\/\\\/jellyshoeve.nl\\\/de\\\/#primaryimage\",\"url\":\"https:\\\/\\\/jellyshoeve.nl\\\/wp-content\\\/uploads\\\/2023\\\/12\\\/5.kampeerplaats_drenthe_jellyshoeve17.jpg\",\"contentUrl\":\"https:\\\/\\\/jellyshoeve.nl\\\/wp-content\\\/uploads\\\/2023\\\/12\\\/5.kampeerplaats_drenthe_jellyshoeve17.jpg\",\"width\":2016,\"height\":908},{\"@type\":\"BreadcrumbList\",\"@id\":\"https:\\\/\\\/jellyshoeve.nl\\\/de\\\/#breadcrumb\",\"itemListElement\":[{\"@type\":\"ListItem\",\"position\":1,\"name\":\"Home\",\"item\":\"https:\\\/\\\/jellyshoeve.nl\\\/de\\\/\"},{\"@type\":\"ListItem\",\"position\":2,\"name\":\"Home\"}]},{\"@type\":\"WebSite\",\"@id\":\"https:\\\/\\\/jellyshoeve.nl\\\/#website\",\"url\":\"https:\\\/\\\/jellyshoeve.nl\\\/\",\"name\":\"Camping Jelly's Hoeve\",\"description\":\"camping &amp; logementen voor volwassenen\",\"publisher\":{\"@id\":\"https:\\\/\\\/jellyshoeve.nl\\\/#organization\"},\"potentialAction\":[{\"@type\":\"SearchAction\",\"target\":{\"@type\":\"EntryPoint\",\"urlTemplate\":\"https:\\\/\\\/jellyshoeve.nl\\\/?s={search_term_string}\"},\"query-input\":{\"@type\":\"PropertyValueSpecification\",\"valueRequired\":true,\"valueName\":\"search_term_string\"}}],\"inLanguage\":\"de\"},{\"@type\":\"Organization\",\"@id\":\"https:\\\/\\\/jellyshoeve.nl\\\/#organization\",\"name\":\"Camping Jelly's Hoeve\",\"url\":\"https:\\\/\\\/jellyshoeve.nl\\\/\",\"logo\":{\"@type\":\"ImageObject\",\"inLanguage\":\"de\",\"@id\":\"https:\\\/\\\/jellyshoeve.nl\\\/#\\\/schema\\\/logo\\\/image\\\/\",\"url\":\"https:\\\/\\\/jellyshoeve.nl\\\/wp-content\\\/uploads\\\/2023\\\/11\\\/logo.jpg\",\"contentUrl\":\"https:\\\/\\\/jellyshoeve.nl\\\/wp-content\\\/uploads\\\/2023\\\/11\\\/logo.jpg\",\"width\":147,\"height\":104,\"caption\":\"Camping Jelly's Hoeve\"},\"image\":{\"@id\":\"https:\\\/\\\/jellyshoeve.nl\\\/#\\\/schema\\\/logo\\\/image\\\/\"},\"sameAs\":[\"https:\\\/\\\/www.facebook.com\\\/jellyshoeve\\\/\"]}]}<\/script>\n<!-- \/ Yoast SEO plugin. -->","yoast_head_json":{"title":"Kinderfreie Campingplatz Drenthe | Jelly\u2019s Hoeve","description":"Urlaub auf einem kinderfreien Camping in Drenthe? Herzlich willkommen bei Jelly\u2019s Hoeve, Campingplatz f\u00fcr Erwachsene in Holland! Erfahren Sie mehr.","robots":{"index":"index","follow":"follow","max-snippet":"max-snippet:-1","max-image-preview":"max-image-preview:large","max-video-preview":"max-video-preview:-1"},"canonical":"https:\/\/jellyshoeve.nl\/de\/","og_locale":"de_DE","og_type":"article","og_title":"Kinderfreie Campingplatz Drenthe | Jelly\u2019s Hoeve","og_description":"Urlaub auf einem kinderfreien Camping in Drenthe? Herzlich willkommen bei Jelly\u2019s Hoeve, Campingplatz f\u00fcr Erwachsene in Holland! Erfahren Sie mehr.","og_url":"https:\/\/jellyshoeve.nl\/de\/","og_site_name":"Jelly&#039;s Hoeve","article_publisher":"https:\/\/www.facebook.com\/jellyshoeve\/","article_modified_time":"2026-01-17T09:59:51+00:00","og_image":[{"width":2016,"height":908,"url":"https:\/\/jellyshoeve.nl\/wp-content\/uploads\/2023\/12\/5.kampeerplaats_drenthe_jellyshoeve17.jpg","type":"image\/jpeg"}],"twitter_card":"summary_large_image","twitter_misc":{"Gesch\u00e4tzte Lesezeit":"4\u00a0Minuten"},"schema":{"@context":"https:\/\/schema.org","@graph":[{"@type":"WebPage","@id":"https:\/\/jellyshoeve.nl\/de\/","url":"https:\/\/jellyshoeve.nl\/de\/","name":"Kinderfreie Campingplatz Drenthe | Jelly\u2019s Hoeve","isPartOf":{"@id":"https:\/\/jellyshoeve.nl\/#website"},"primaryImageOfPage":{"@id":"https:\/\/jellyshoeve.nl\/de\/#primaryimage"},"image":{"@id":"https:\/\/jellyshoeve.nl\/de\/#primaryimage"},"thumbnailUrl":"https:\/\/jellyshoeve.nl\/wp-content\/uploads\/2023\/12\/5.kampeerplaats_drenthe_jellyshoeve17.jpg","datePublished":"2023-10-25T13:41:56+00:00","dateModified":"2026-01-17T09:59:51+00:00","description":"Urlaub auf einem kinderfreien Camping in Drenthe? Herzlich willkommen bei Jelly\u2019s Hoeve, Campingplatz f\u00fcr Erwachsene in Holland! Erfahren Sie mehr.","breadcrumb":{"@id":"https:\/\/jellyshoeve.nl\/de\/#breadcrumb"},"inLanguage":"de","potentialAction":[{"@type":"ReadAction","target":["https:\/\/jellyshoeve.nl\/de\/"]}]},{"@type":"ImageObject","inLanguage":"de","@id":"https:\/\/jellyshoeve.nl\/de\/#primaryimage","url":"https:\/\/jellyshoeve.nl\/wp-content\/uploads\/2023\/12\/5.kampeerplaats_drenthe_jellyshoeve17.jpg","contentUrl":"https:\/\/jellyshoeve.nl\/wp-content\/uploads\/2023\/12\/5.kampeerplaats_drenthe_jellyshoeve17.jpg","width":2016,"height":908},{"@type":"BreadcrumbList","@id":"https:\/\/jellyshoeve.nl\/de\/#breadcrumb","itemListElement":[{"@type":"ListItem","position":1,"name":"Home","item":"https:\/\/jellyshoeve.nl\/de\/"},{"@type":"ListItem","position":2,"name":"Home"}]},{"@type":"WebSite","@id":"https:\/\/jellyshoeve.nl\/#website","url":"https:\/\/jellyshoeve.nl\/","name":"Camping Jelly's Hoeve","description":"camping &amp; logementen voor volwassenen","publisher":{"@id":"https:\/\/jellyshoeve.nl\/#organization"},"potentialAction":[{"@type":"SearchAction","target":{"@type":"EntryPoint","urlTemplate":"https:\/\/jellyshoeve.nl\/?s={search_term_string}"},"query-input":{"@type":"PropertyValueSpecification","valueRequired":true,"valueName":"search_term_string"}}],"inLanguage":"de"},{"@type":"Organization","@id":"https:\/\/jellyshoeve.nl\/#organization","name":"Camping Jelly's Hoeve","url":"https:\/\/jellyshoeve.nl\/","logo":{"@type":"ImageObject","inLanguage":"de","@id":"https:\/\/jellyshoeve.nl\/#\/schema\/logo\/image\/","url":"https:\/\/jellyshoeve.nl\/wp-content\/uploads\/2023\/11\/logo.jpg","contentUrl":"https:\/\/jellyshoeve.nl\/wp-content\/uploads\/2023\/11\/logo.jpg","width":147,"height":104,"caption":"Camping Jelly's Hoeve"},"image":{"@id":"https:\/\/jellyshoeve.nl\/#\/schema\/logo\/image\/"},"sameAs":["https:\/\/www.facebook.com\/jellyshoeve\/"]}]}},"_links":{"self":[{"href":"https:\/\/jellyshoeve.nl\/de\/wp-json\/wp\/v2\/pages\/2161","targetHints":{"allow":["GET"]}}],"collection":[{"href":"https:\/\/jellyshoeve.nl\/de\/wp-json\/wp\/v2\/pages"}],"about":[{"href":"https:\/\/jellyshoeve.nl\/de\/wp-json\/wp\/v2\/types\/page"}],"author":[{"embeddable":true,"href":"https:\/\/jellyshoeve.nl\/de\/wp-json\/wp\/v2\/users\/1"}],"replies":[{"embeddable":true,"href":"https:\/\/jellyshoeve.nl\/de\/wp-json\/wp\/v2\/comments?post=2161"}],"version-history":[{"count":29,"href":"https:\/\/jellyshoeve.nl\/de\/wp-json\/wp\/v2\/pages\/2161\/revisions"}],"predecessor-version":[{"id":3358,"href":"https:\/\/jellyshoeve.nl\/de\/wp-json\/wp\/v2\/pages\/2161\/revisions\/3358"}],"wp:featuredmedia":[{"embeddable":true,"href":"https:\/\/jellyshoeve.nl\/de\/wp-json\/wp\/v2\/media\/2833"}],"wp:attachment":[{"href":"https:\/\/jellyshoeve.nl\/de\/wp-json\/wp\/v2\/media?parent=2161"}],"curies":[{"name":"wp","href":"https:\/\/api.w.org\/{rel}","templated":true}]}}